{"id":13628,"date":"2017-08-31T13:14:09","date_gmt":"2017-08-31T16:14:09","guid":{"rendered":"http:\/\/www.escolareiarthur.com.br\/site\/?page_id=13628"},"modified":"2017-08-31T14:17:45","modified_gmt":"2017-08-31T17:17:45","slug":"informacoes-doenca-meningococica","status":"publish","type":"page","link":"http:\/\/www.escolareiarthur.com.br\/site\/informacoes-doenca-meningococica\/","title":{"rendered":"INFORMA\u00c7\u00d5ES DOEN\u00c7A MENINGOC\u00d3CICA"},"content":{"rendered":"<div id=\"fb-root\"><\/div>\n<h4><strong>O que \u00e9? <\/strong><\/h4>\n<p style=\"padding-left: 30px;\">A meningite \u00e9 um processo inflamat\u00f3rio das meninges, membranas que envolvem o c\u00e9rebro e a medula espinhal.<\/p>\n<h4><strong>Qual o microrganismo envolvido? <\/strong><\/h4>\n<p style=\"padding-left: 30px;\">A meningite pode ser causada por diversos agentes infecciosos como bact\u00e9rias, v\u00edrus, fungos dentre outros, e por agentes n\u00e3o infecciosos.<\/p>\n<h4><strong>Quais os sintomas? <\/strong><\/h4>\n<p style=\"padding-left: 30px;\">Os principais sinais e sintomas s\u00e3o: febre alta que come\u00e7a abruptamente, dor de cabe\u00e7a intensa e cont\u00ednua, v\u00f4mito, n\u00e1useas, rigidez de nuca e manchas vermelhas na pele (pet\u00e9quias).<\/p>\n<p style=\"padding-left: 30px;\">Em crian\u00e7as menores de um ano de idade os sintomas referidos acima podem n\u00e3o ser t\u00e3o evidentes, devendo-se atentar para a presen\u00e7a de moleira tensa ou elevada, irritabilidade, inquieta\u00e7\u00e3o com choro agudo e persistente e rigidez corporal com ou sem convuls\u00f5es.<\/p>\n<h4><strong>Como se transmite? <\/strong><\/h4>\n<p style=\"padding-left: 30px;\">Em geral, a transmiss\u00e3o \u00e9 de pessoa a pessoa, atrav\u00e9s das vias respirat\u00f3rias, por got\u00edculas e secre\u00e7\u00f5es do nariz e da garganta.<\/p>\n<p style=\"padding-left: 30px;\">A transmiss\u00e3o fecal-oral \u00e9 de grande import\u00e2ncia para a meningite viral, em infec\u00e7\u00f5es por enterov\u00edrus (v\u00edrus intestinais).<\/p>\n<h4><strong>Como tratar? <\/strong><\/h4>\n<p style=\"padding-left: 30px;\">Ap\u00f3s a avalia\u00e7\u00e3o m\u00e9dica e an\u00e1lise preliminar de amostras cl\u00ednicas do paciente, este ficar\u00e1 internado e receber\u00e1 tratamento de acordo com o agente etiol\u00f3gico. No caso de meningite bacteriana, o tratamento ser\u00e1 realizado com antibi\u00f3ticos espec\u00edficos.<\/p>\n<h4><strong>Como se prevenir? <\/strong><\/h4>\n<p style=\"padding-left: 30px;\">A meningite \u00e9 uma s\u00edndrome que pode ser causada por diferentes agentes infecciosos.<\/p>\n<h4><strong>Medidas Preventivas<\/strong><\/h4>\n<p style=\"padding-left: 30px;\">Manter os ambientes ventilados e limpos.<\/p>\n<p style=\"padding-left: 30px;\">Lavagem das m\u00e3os<\/p>\n<p style=\"padding-left: 30px;\">Etiqueta Respirat\u00f3ria: utilizar len\u00e7o descart\u00e1vel para higiene nasal; cobrir nariz e boca quando espirrar ou tossir; evitar tocar mucosas de olhos, nariz e boca.<\/p>\n<h4><strong>Vacina\u00e7\u00e3o<\/strong><\/h4>\n<p style=\"padding-left: 30px;\">\u00c9 importante a vacina\u00e7\u00e3o preventiva conforme o calend\u00e1rio de vacinas do governo federal.<\/p>\n<p style=\"padding-left: 30px;\">Vacinas que previnem as meningites:<\/p>\n<p style=\"padding-left: 30px;\">Vacina meningoc\u00f3cica conjugada sorogrupo C: protege contra a Doen\u00e7a Meningoc\u00f3cica causada pelo sorogrupo C;<\/p>\n<p style=\"padding-left: 30px;\">Idades: 1\u00b0 dose aos 3 meses, 2\u00b0 dose aos 5 meses e um refor\u00e7o aos 15 meses.<\/p>\n<p style=\"padding-left: 30px;\">Vacina pneumoc\u00f3cica 10-valente (conjugada): protege contra as doen\u00e7as invasivas causadas pelo Streptococcus pneumoniae , incluindo meningite.<\/p>\n<p style=\"padding-left: 30px;\">Idades: 1\u00b0 dose aos 2 meses, 2\u00b0 dose aos 4 meses. 3\u00b0 dose aos 6 meses e um refor\u00e7o aos 12 meses.<\/p>\n<p style=\"padding-left: 30px;\">Pentavalente : protege contra as doen\u00e7as invasivas causadas pelo Haemophilus influenzae sorotipo b, como meningite, e tamb\u00e9m contra a difteria, t\u00e9tano, coqueluche e hepatite B.<\/p>\n<p style=\"padding-left: 30px;\">Idades: 1\u00b0 dose aos 2 meses, 2\u00b0 dose aos 4 meses. 3\u00b0 dose aos 6 meses<\/p>\n<p style=\"padding-left: 30px;\">Vacina BCG: protege contra as formas graves da tuberculose e nos casos de meningite tubrculosa<\/p>\n<p style=\"padding-left: 30px;\">Idades: ao nascer<\/p>\n<pre><strong>MANTENHA SEMPRE AS VACINAS EM DIA PARA A PREVEN\u00c7\u00c3O DAS DOEN\u00c7AS.<\/strong><\/pre>\n<p>&nbsp;<\/p>\n<p><strong>Para a popula\u00e7\u00e3o em geral, \u00e9 importante lembrar que mesmo em dias frios \u00e9 importante manter os ambientes bem ventilados, lavagem das m\u00e3os e n\u00e3o compartilhar objetos de uso pessoal como copos, talheres, len\u00e7os entre outros.<\/strong><\/p>\n<pre><strong>Diante da suspeita de meningite, PROCURAR IMEDIATAMENTE ATENDIMENTO M\u00c9DICO.<\/strong><\/pre>\n<p>\u00c9 v\u00e1lido lembrar, tamb\u00e9m, que a imuniza\u00e7\u00e3o para o meningococo C \u00e9 parte integrante do Calend\u00e1rio Nacional de Vacina\u00e7\u00e3o desde o ano de 2010 e, por esta raz\u00e3o, crian\u00e7as nascidas a partir deste ano devem estar imunizadas, por responsabilidade de seus cuidadores.<\/p>\n<p>Atenciosamente,<\/p>\n<p>Nutricionista e RT de sa\u00fade: <em>Marcela Isabel Silveira<\/em><\/p>\n<h4><em>Fonte:<br \/>\n<\/em><em>Doen\u00e7as Infecciosas e Parasit\u00e1rias: Guia de Bolso, Volume 1, 3\u00aa edi\u00e7\u00e3o, p\u00e1g. 117<br \/>\nMinist\u00e9rio da Sa\u00fade Bras\u00edlia\/DF<br \/>\nSa\u00fade de Cachoeirinha<\/em><\/h4>\n<p>Links Relacionados:<br \/>\n<a href=\"http:\/\/www.saude.rs.gov.br\/meningite\" target=\"_blank\">http:\/\/www.saude.rs.gov.br\/meningite<br \/>\n<\/a><a href=\"http:\/\/portalsaude.saude.gov.br\/index.php\/o-ministerio\/principal\/secretarias\/svs\/meningites\">Portal da Sa\u00fade \/ SUS<br \/>\n<\/a><a href=\"http:\/\/www.escolareiarthur.com.br\/site\/wp-content\/uploads\/2017\/08\/Guia_de_bolso_doencas_infecciosas_e_parasitarias-2.pdf\" target=\"_blank\">Guia de Bolso &#8211; 8\u00aa Edi\u00e7\u00e3o &#8211; Doen\u00e7as infecciosas e parasit\u00e1rias<\/a><\/p>\n","protected":false},"excerpt":{"rendered":"<p>O que \u00e9? A meningite \u00e9 um processo inflamat\u00f3rio das meninges, membranas que envolvem o c\u00e9rebro e a medula espinhal. Qual o microrganismo envolvido? A meningite pode ser causada por diversos agentes infecciosos como bact\u00e9rias, v\u00edrus, fungos dentre outros, e por agentes n\u00e3o infecciosos. Quais os sintomas? Os principais sinais e sintomas s\u00e3o: febre alta que come\u00e7a abruptamente, dor de&nbsp;<a href=\"http:\/\/www.escolareiarthur.com.br\/site\/informacoes-doenca-meningococica\/\" class=\"read-more\">Continue Reading<\/a><\/p>\n","protected":false},"author":8,"featured_media":0,"parent":0,"menu_order":0,"comment_status":"closed","ping_status":"closed","template":"","meta":{"_exactmetrics_skip_tracking":false,"_exactmetrics_sitenote_active":false,"_exactmetrics_sitenote_note":"","_exactmetrics_sitenote_category":0,"footnotes":""},"class_list":["post-13628","page","type-page","status-publish","hentry"],"_links":{"self":[{"href":"http:\/\/www.escolareiarthur.com.br\/site\/wp-json\/wp\/v2\/pages\/13628","targetHints":{"allow":["GET"]}}],"collection":[{"href":"http:\/\/www.escolareiarthur.com.br\/site\/wp-json\/wp\/v2\/pages"}],"about":[{"href":"http:\/\/www.escolareiarthur.com.br\/site\/wp-json\/wp\/v2\/types\/page"}],"author":[{"embeddable":true,"href":"http:\/\/www.escolareiarthur.com.br\/site\/wp-json\/wp\/v2\/users\/8"}],"replies":[{"embeddable":true,"href":"http:\/\/www.escolareiarthur.com.br\/site\/wp-json\/wp\/v2\/comments?post=13628"}],"version-history":[{"count":0,"href":"http:\/\/www.escolareiarthur.com.br\/site\/wp-json\/wp\/v2\/pages\/13628\/revisions"}],"wp:attachment":[{"href":"http:\/\/www.escolareiarthur.com.br\/site\/wp-json\/wp\/v2\/media?parent=13628"}],"curies":[{"name":"wp","href":"https:\/\/api.w.org\/{rel}","templated":true}]}}