{"id":14,"date":"2011-07-14T19:47:05","date_gmt":"2011-07-14T19:47:05","guid":{"rendered":"http:\/\/livedemo00.template-help.com\/wordpress_43375\/?page_id=14"},"modified":"2021-03-01T17:40:33","modified_gmt":"2021-03-01T20:40:33","slug":"contatos","status":"publish","type":"page","link":"http:\/\/www.escolareiarthur.com.br\/site\/contatos\/","title":{"rendered":"Contatos"},"content":{"rendered":"<div id=\"fb-root\"><\/div>\n<div class=\"row\">\n<div class=\"span12\"><div class=\"google-map\"><iframe loading=\"lazy\" src=\"https:\/\/maps.google.com\/maps?q=Rua+Luiz+Afonso,+565+-+Cidade+Baixa+-+Porto+Alegre%2FRS&amp;hl=pt&amp;sll=37.0625,-95.677068&amp;sspn=51.089971,107.138672&amp;hnear=R.+Luiz+Afonso,+565+-+Cidade+Baixa,+Porto+Alegre+-+Rio+Grande+do+Sul,+90050-310,+Brasil&amp;t=m&amp;z=17&amp;source=embed&amp;output=embed\" frameborder=\"0\" width=\"100%\" height=\"300\" marginwidth=\"0\" marginheight=\"0\" scrolling=\"no\"><\/iframe><\/div><\/div>\n<div class=\"span4\"><h1>Informa\u00e7\u00f5es<\/h1>\n<h3>Seu contato \u00e9 muito importante para n\u00f3s. Agradecemos seu interesse.<\/h3>\n<p>Por favor, preencha o formul\u00e1rio ao lado que responderemos o mais r\u00e1pido poss\u00edvel.<\/p>\n<p><a href=\"http:\/\/www.escolareiarthur.com.br\/site\/wp-content\/uploads\/2011\/07\/Logotipo01.png\"><img loading=\"lazy\" decoding=\"async\" class=\"size-medium wp-image-3063 aligncenter\" src=\"http:\/\/www.escolareiarthur.com.br\/site\/wp-content\/uploads\/2011\/07\/Logotipo01-300x107.png\" alt=\"Logotipo01\" width=\"300\" height=\"107\" srcset=\"http:\/\/www.escolareiarthur.com.br\/site\/wp-content\/uploads\/2011\/07\/Logotipo01-300x107.png 300w, http:\/\/www.escolareiarthur.com.br\/site\/wp-content\/uploads\/2011\/07\/Logotipo01.png 800w\" sizes=\"auto, (max-width: 300px) 100vw, 300px\" \/><\/a><\/p>\n<address>\n<p><strong> Escola Rei Arthur<br \/>\nRua Luiz Afonso, 565<br \/>\nCidade Baixa &#8211; Porto Alegre\/RS<\/strong><\/p>\n<p>Telefone: 51 <strong>3276.2532<\/strong> |\u00a0<strong>3273.3292<\/strong><br \/>\nE-mail: <a href=\"mailto:reiarthurescola@gmail.com\">reiarthurescola@gmail.com<\/a><\/p>\n<p><strong>Hor\u00e1rio de Atendimento: 7h \u00e0s 19h00<\/strong><\/p>\n<\/address><!-- address (end) --><\/div>\n<div class=\"span8\"><h1>Formul\u00e1rio<\/h1>\n\n<div class=\"wpcf7 no-js\" id=\"wpcf7-f208-o1\" lang=\"\" dir=\"ltr\" data-wpcf7-id=\"208\">\n<div class=\"screen-reader-response\"><p role=\"status\" aria-live=\"polite\" aria-atomic=\"true\"><\/p> <ul><\/ul><\/div>\n<form action=\"\/site\/wp-json\/wp\/v2\/pages\/14#wpcf7-f208-o1\" method=\"post\" class=\"wpcf7-form init\" aria-label=\"Formul\u00e1rios de contato\" novalidate=\"novalidate\" data-status=\"init\">\n<div style=\"display: none;\">\n<input type=\"hidden\" name=\"_wpcf7\" value=\"208\" \/>\n<input type=\"hidden\" name=\"_wpcf7_version\" value=\"6.0.6\" \/>\n<input type=\"hidden\" name=\"_wpcf7_locale\" value=\"\" \/>\n<input type=\"hidden\" name=\"_wpcf7_unit_tag\" value=\"wpcf7-f208-o1\" \/>\n<input type=\"hidden\" name=\"_wpcf7_container_post\" value=\"0\" \/>\n<input type=\"hidden\" name=\"_wpcf7_posted_data_hash\" value=\"\" \/>\n<\/div>\n<div class=\"row-fluid\">\n\t<p class=\"span4 field\"><span class=\"wpcf7-form-control-wrap\" data-name=\"your-name\"><input size=\"40\" maxlength=\"400\" class=\"wpcf7-form-control wpcf7-text wpcf7-validates-as-required\" aria-required=\"true\" aria-invalid=\"false\" placeholder=\"Nome:\" value=\"\" type=\"text\" name=\"your-name\" \/><\/span>\n\t<\/p>\n\t<p class=\"span4 field\"><span class=\"wpcf7-form-control-wrap\" data-name=\"your-email\"><input size=\"40\" maxlength=\"400\" class=\"wpcf7-form-control wpcf7-email wpcf7-validates-as-required wpcf7-text wpcf7-validates-as-email\" aria-required=\"true\" aria-invalid=\"false\" placeholder=\"E-mail:\" value=\"\" type=\"email\" name=\"your-email\" \/><\/span>\n\t<\/p>\n\t<p class=\"span4 field\"><span class=\"wpcf7-form-control-wrap\" data-name=\"your-phone\"><input size=\"40\" maxlength=\"400\" class=\"wpcf7-form-control wpcf7-text\" aria-invalid=\"false\" placeholder=\"Telefone:\" value=\"\" type=\"text\" name=\"your-phone\" \/><\/span>\n\t<\/p>\n<\/div>\n<p class=\"field\"><span class=\"wpcf7-form-control-wrap\" data-name=\"your-message\"><textarea cols=\"40\" rows=\"10\" maxlength=\"2000\" class=\"wpcf7-form-control wpcf7-textarea\" aria-invalid=\"false\" placeholder=\"Mensagem:\" name=\"your-message\"><\/textarea><\/span>\n<\/p>\n<p class=\"submit-wrap\"><input type=\"reset\" value=\"limpar\" class=\"btn btn-primary\" \/><input class=\"wpcf7-form-control wpcf7-submit has-spinner btn btn-primary\" type=\"submit\" value=\"enviar\" \/>\n<\/p><div class=\"wpcf7-response-output\" aria-hidden=\"true\"><\/div>\n<\/form>\n<\/div>\n<\/div>\n<\/div><!-- .row (end) -->\n","protected":false},"excerpt":{"rendered":"","protected":false},"author":8,"featured_media":0,"parent":0,"menu_order":6,"comment_status":"open","ping_status":"closed","template":"page-fullwidth.php","meta":{"_exactmetrics_skip_tracking":false,"_exactmetrics_sitenote_active":false,"_exactmetrics_sitenote_note":"","_exactmetrics_sitenote_category":0,"footnotes":""},"class_list":["post-14","page","type-page","status-publish","hentry"],"_links":{"self":[{"href":"http:\/\/www.escolareiarthur.com.br\/site\/wp-json\/wp\/v2\/pages\/14","targetHints":{"allow":["GET"]}}],"collection":[{"href":"http:\/\/www.escolareiarthur.com.br\/site\/wp-json\/wp\/v2\/pages"}],"about":[{"href":"http:\/\/www.escolareiarthur.com.br\/site\/wp-json\/wp\/v2\/types\/page"}],"author":[{"embeddable":true,"href":"http:\/\/www.escolareiarthur.com.br\/site\/wp-json\/wp\/v2\/users\/8"}],"replies":[{"embeddable":true,"href":"http:\/\/www.escolareiarthur.com.br\/site\/wp-json\/wp\/v2\/comments?post=14"}],"version-history":[{"count":0,"href":"http:\/\/www.escolareiarthur.com.br\/site\/wp-json\/wp\/v2\/pages\/14\/revisions"}],"wp:attachment":[{"href":"http:\/\/www.escolareiarthur.com.br\/site\/wp-json\/wp\/v2\/media?parent=14"}],"curies":[{"name":"wp","href":"https:\/\/api.w.org\/{rel}","templated":true}]}}