{"id":14546,"date":"2018-04-11T17:52:53","date_gmt":"2018-04-11T20:52:53","guid":{"rendered":"http:\/\/www.escolareiarthur.com.br\/site\/?page_id=14546"},"modified":"2025-03-13T15:53:32","modified_gmt":"2025-03-13T18:53:32","slug":"bercario-i-rotina-projeto","status":"publish","type":"page","link":"http:\/\/www.escolareiarthur.com.br\/site\/turmas\/bercario-i-rotina-projeto\/","title":{"rendered":"Ber\u00e7\u00e1rio I &#8211; Rotina &#038; Projeto"},"content":{"rendered":"<div id=\"fb-root\"><\/div>\n\n<h1 class=\"wp-block-heading\">Projeto Ber\u00e7\u00e1rio I<\/h1>\n\n\n\n<div class=\"wp-block-columns is-layout-flex wp-container-core-columns-is-layout-9d6595d7 wp-block-columns-is-layout-flex\">\n<div class=\"wp-block-column is-layout-flow wp-block-column-is-layout-flow\" style=\"flex-basis:33.33%\">\n<h3 class=\"wp-block-heading\">M\u00eas:&nbsp;<\/h3>\n\n\n\n<h3 class=\"wp-block-heading\"><\/h3>\n\n\n\n<h3 class=\"wp-block-heading\">Professora:&nbsp;<\/h3>\n\n\n\n<h3 class=\"wp-block-heading\"><\/h3>\n\n\n\n<h3 class=\"wp-block-heading\">Projeto:\u00a0<\/h3>\n\n\n\n<hr class=\"wp-block-separator has-css-opacity\"\/>\n\n\n\n<div class=\"wp-block-buttons is-content-justification-center is-layout-flex wp-container-core-buttons-is-layout-16018d1d wp-block-buttons-is-layout-flex\">\n<div class=\"wp-block-button\"><a class=\"wp-block-button__link wp-element-button\" href=\"http:\/\/www.escolareiarthur.com.br\/site\/cardapio\/cardapio-baby\/\">CARD\u00c1PIO<\/a><\/div>\n<\/div>\n<\/div>\n\n\n\n<div class=\"wp-block-column is-layout-flow wp-block-column-is-layout-flow\" style=\"flex-basis:66.66%\">\n<h3 class=\"wp-block-heading\"><\/h3>\n\n\n\n<p><\/p>\n<\/div>\n<\/div>\n\n\n\n<p><\/p>\n\n\n<div class=\"row\">\n<div class=\"span12\"><table class=\"table table-bordered table-striped\"><thead><tr><th>Segunda-feira<\/th><th>Ter\u00e7a-feira<\/th><th>Quarta-feira<\/th><th>Quinta-feira<\/th><th>Sexta-feira<\/th><\/tr><\/thead><tbody><tr><td>\nDIA DO JOGO<br \/>\n\n<td>\nDIA DE ATIVIDADE PSICOMOTORA<br \/>\n\n<td>\nDIA DO LIVRO<br \/>\n\n<td>\n* AULA DE M\u00daSICA<br \/>\n\n<td>\n* DIA DO LANCHE COLETIVO (frutas)<br \/>\n* DIA DO BRINQUEDO<br \/>\n<\/tr><\/tbody><\/table><!-- table (end) --><\/div>\n<\/div><!-- .row (end) -->\n","protected":false},"excerpt":{"rendered":"<p>Projeto Ber\u00e7\u00e1rio I M\u00eas:&nbsp; Professora:&nbsp; Projeto:\u00a0<\/p>\n","protected":false},"author":8,"featured_media":0,"parent":2627,"menu_order":0,"comment_status":"closed","ping_status":"closed","template":"page-fullwidth.php","meta":{"_exactmetrics_skip_tracking":false,"_exactmetrics_sitenote_active":false,"_exactmetrics_sitenote_note":"","_exactmetrics_sitenote_category":0,"footnotes":""},"class_list":["post-14546","page","type-page","status-publish","hentry"],"_links":{"self":[{"href":"http:\/\/www.escolareiarthur.com.br\/site\/wp-json\/wp\/v2\/pages\/14546","targetHints":{"allow":["GET"]}}],"collection":[{"href":"http:\/\/www.escolareiarthur.com.br\/site\/wp-json\/wp\/v2\/pages"}],"about":[{"href":"http:\/\/www.escolareiarthur.com.br\/site\/wp-json\/wp\/v2\/types\/page"}],"author":[{"embeddable":true,"href":"http:\/\/www.escolareiarthur.com.br\/site\/wp-json\/wp\/v2\/users\/8"}],"replies":[{"embeddable":true,"href":"http:\/\/www.escolareiarthur.com.br\/site\/wp-json\/wp\/v2\/comments?post=14546"}],"version-history":[{"count":0,"href":"http:\/\/www.escolareiarthur.com.br\/site\/wp-json\/wp\/v2\/pages\/14546\/revisions"}],"up":[{"embeddable":true,"href":"http:\/\/www.escolareiarthur.com.br\/site\/wp-json\/wp\/v2\/pages\/2627"}],"wp:attachment":[{"href":"http:\/\/www.escolareiarthur.com.br\/site\/wp-json\/wp\/v2\/media?parent=14546"}],"curies":[{"name":"wp","href":"https:\/\/api.w.org\/{rel}","templated":true}]}}