{"id":14547,"date":"2018-04-11T17:59:20","date_gmt":"2018-04-11T20:59:20","guid":{"rendered":"http:\/\/www.escolareiarthur.com.br\/site\/?page_id=14547"},"modified":"2025-09-02T14:09:48","modified_gmt":"2025-09-02T17:09:48","slug":"bercario-ii-rotina-projeto","status":"publish","type":"page","link":"http:\/\/www.escolareiarthur.com.br\/site\/turmas\/bercario-ii-rotina-projeto\/","title":{"rendered":"Ber\u00e7\u00e1rio II &#8211; Rotina &#038; Projeto"},"content":{"rendered":"<div id=\"fb-root\"><\/div>\n\n<h1 class=\"wp-block-heading\">Projeto &#8211; BER\u00c7\u00c1RIO II<\/h1>\n\n\n\n<div class=\"wp-block-columns is-layout-flex wp-container-core-columns-is-layout-9d6595d7 wp-block-columns-is-layout-flex\">\n<div class=\"wp-block-column is-layout-flow wp-block-column-is-layout-flow\" style=\"flex-basis:33.33%\">\n<h3 class=\"wp-block-heading\">M\u00eas: SETEMBRO<\/h3>\n\n\n\n<p><strong> <\/strong>Professora: KARINE<\/p>\n\n\n\n<h3 class=\"wp-block-heading\">Projeto:&nbsp;O CIRCO<\/h3>\n\n\n\n<p><\/p>\n\n\n\n<hr class=\"wp-block-separator has-css-opacity\"\/>\n\n\n\n<div class=\"wp-block-buttons is-content-justification-center is-layout-flex wp-container-core-buttons-is-layout-16018d1d wp-block-buttons-is-layout-flex\">\n<div class=\"wp-block-button\"><a class=\"wp-block-button__link wp-element-button\" href=\"http:\/\/www.escolareiarthur.com.br\/site\/cardapio\/cardapio-baby\/\">CARD\u00c1PIO<\/a><\/div>\n<\/div>\n<\/div>\n\n\n\n<div class=\"wp-block-column is-layout-flow wp-block-column-is-layout-flow\" style=\"flex-basis:66.66%\">\n<p><\/p>\n\n\n\n<p><strong>Justificativa:<\/strong><\/p>\n\n\n\n<p> Este projeto visa promover o desenvolvimento integral das crian\u00e7as<br>atrav\u00e9s de atividades l\u00fadicas e musicais. Ao incentivar a socializa\u00e7\u00e3o e a integra\u00e7\u00e3o por<br>meio de brincadeiras,busca-se fortalecer habilidades sociais e a capacidade de trabalho<br>em equipe.Simultaneamente,as atividades propostas aprimorar a coordena\u00e7\u00e3o motora e<br>a movimenta\u00e7\u00e3o r\u00edtmica,estimulando o desenvolvimento f\u00edsico ea express\u00e3o corporal.<br>Al\u00e9m disso, o projeto promove o desenvolvimento cognitivo e sensorial, aprimorando a<br>linguagem oral e escrita, bem como a audi\u00e7\u00e3o e a percep\u00e7\u00e3o musical. Ao integrar esses<br>diferentes aspectos do desenvolvimento infantil, o projeto contribui para o crescimento<br>saud\u00e1vel e equilibrado das crian\u00e7as.<br>Objetivos Geral:Promover o desenvolvimento integral das crian\u00e7as atrav\u00e9s da arte<br>circense, oferecendo um espa\u00e7o de aprendizado, express\u00e3o e inclus\u00e3o social, onde<br>possam desenvolver habilidades f\u00edsicas,cognitivas e s\u00f3cio-emocionais,al\u00e9m de despertar<br>o interesse pela cultura circense e suas diversas manifesta\u00e7\u00f5es art\u00edsticas.<br><strong>Objetivos:<\/strong><\/p>\n\n\n\n<p>Conhecer a hist\u00f3ria do circo e sua import\u00e2ncia na cultura;<br>Identificar os personagens do circo e suas fun\u00e7\u00f5es;<br>Estimular a criatividade e a imagina\u00e7\u00e3o;<br>Aprimorar a coordena\u00e7\u00e3o motora ea agilidade;<br>Ampliar a flexibilidade e a consci\u00eancia corporal;<br>Fortalecer a concentra\u00e7\u00e3o e a aten\u00e7\u00e3o;<br>Expandir a linguagem e o vocabul\u00e1rio;<\/p>\n\n\n\n<p><strong>Desenvolvimento:<\/strong><\/p>\n\n\n\n<ul class=\"wp-block-list\">\n<li>Brincadeiras l\u00fadicas<\/li>\n\n\n\n<li>Conta\u00e7\u00e3o de hist\u00f3ria<\/li>\n\n\n\n<li>Roda de m\u00fasica<\/li>\n\n\n\n<li>Pintura com tinta guache<br>Recursos:<br>Folha de of\u00edcio,cola,tesoura,tinta guache,papel pardo.<br>Avalia\u00e7\u00e3o:A avalia\u00e7\u00e3o ser\u00e1 cont\u00ednua, atrav\u00e9s da observa\u00e7\u00e3o di\u00e1ria da crian\u00e7a no<br>desempenho de suas atividades,no relacionamento com os colegas ecom a professora.<\/li>\n<\/ul>\n\n\n\n<p><\/p>\n\n\n\n<p><\/p>\n\n\n\n<p><\/p>\n\n\n\n<p><\/p>\n\n\n\n<p><\/p>\n\n\n\n<p><\/p>\n<\/div>\n<\/div>\n\n\n<div class=\"row\">\n<div class=\"span12\"><table class=\"table table-bordered table-striped\"><thead><tr><th>Segunda-feira<\/th><th>Ter\u00e7a-feira<\/th><th>Quarta-feira<\/th><th>Quinta-feira<\/th><th>Sexta-feira<\/th><\/tr><\/thead><tbody><tr><td>\nDIA DO JOGO<br \/>\n\n<td>\nDIA DE ATIVIDADE PSICOMOTORA<br \/>\n\n<td>\nDIA DO LIVRO<br \/>\n\n<td>\n* AULA DE M\u00daSICA<br \/>\n\n<td>\n* DIA DO LANCHE COLETIVO (frutas)<br \/>\n* DIA DO BRINQUEDO<br \/>\n<\/tr><\/tbody><\/table><!-- table (end) --><\/div>\n<\/div><!-- .row (end) -->\n","protected":false},"excerpt":{"rendered":"<p>Projeto &#8211; BER\u00c7\u00c1RIO II M\u00eas: SETEMBRO Professora: KARINE Projeto:&nbsp;O CIRCO Justificativa: Este projeto visa promover o desenvolvimento integral das crian\u00e7asatrav\u00e9s de atividades l\u00fadicas e musicais. Ao incentivar a socializa\u00e7\u00e3o e a integra\u00e7\u00e3o pormeio de brincadeiras,busca-se fortalecer habilidades sociais e a capacidade de trabalhoem equipe.Simultaneamente,as atividades propostas aprimorar a coordena\u00e7\u00e3o motora ea movimenta\u00e7\u00e3o r\u00edtmica,estimulando o desenvolvimento f\u00edsico ea express\u00e3o corporal.Al\u00e9m disso,&nbsp;<a href=\"http:\/\/www.escolareiarthur.com.br\/site\/turmas\/bercario-ii-rotina-projeto\/\" class=\"read-more\">Continue Reading<\/a><\/p>\n","protected":false},"author":8,"featured_media":0,"parent":2627,"menu_order":0,"comment_status":"closed","ping_status":"closed","template":"page-fullwidth.php","meta":{"_exactmetrics_skip_tracking":false,"_exactmetrics_sitenote_active":false,"_exactmetrics_sitenote_note":"","_exactmetrics_sitenote_category":0,"footnotes":""},"class_list":["post-14547","page","type-page","status-publish","hentry"],"_links":{"self":[{"href":"http:\/\/www.escolareiarthur.com.br\/site\/wp-json\/wp\/v2\/pages\/14547","targetHints":{"allow":["GET"]}}],"collection":[{"href":"http:\/\/www.escolareiarthur.com.br\/site\/wp-json\/wp\/v2\/pages"}],"about":[{"href":"http:\/\/www.escolareiarthur.com.br\/site\/wp-json\/wp\/v2\/types\/page"}],"author":[{"embeddable":true,"href":"http:\/\/www.escolareiarthur.com.br\/site\/wp-json\/wp\/v2\/users\/8"}],"replies":[{"embeddable":true,"href":"http:\/\/www.escolareiarthur.com.br\/site\/wp-json\/wp\/v2\/comments?post=14547"}],"version-history":[{"count":0,"href":"http:\/\/www.escolareiarthur.com.br\/site\/wp-json\/wp\/v2\/pages\/14547\/revisions"}],"up":[{"embeddable":true,"href":"http:\/\/www.escolareiarthur.com.br\/site\/wp-json\/wp\/v2\/pages\/2627"}],"wp:attachment":[{"href":"http:\/\/www.escolareiarthur.com.br\/site\/wp-json\/wp\/v2\/media?parent=14547"}],"curies":[{"name":"wp","href":"https:\/\/api.w.org\/{rel}","templated":true}]}}