{"id":14548,"date":"2018-04-11T18:07:56","date_gmt":"2018-04-11T21:07:56","guid":{"rendered":"http:\/\/www.escolareiarthur.com.br\/site\/?page_id=14548"},"modified":"2025-09-02T14:10:40","modified_gmt":"2025-09-02T17:10:40","slug":"jardim-a-rotina-projeto","status":"publish","type":"page","link":"http:\/\/www.escolareiarthur.com.br\/site\/turmas\/jardim-a-rotina-projeto\/","title":{"rendered":"Jardim A \u2013 Rotina &#038; Projeto"},"content":{"rendered":"<div id=\"fb-root\"><\/div>\n\n<h1 class=\"wp-block-heading\">Projeto &#8211; Jardim A<\/h1>\n\n\n\n<div class=\"wp-block-columns is-layout-flex wp-container-core-columns-is-layout-9d6595d7 wp-block-columns-is-layout-flex\">\n<div class=\"wp-block-column is-layout-flow wp-block-column-is-layout-flow\" style=\"flex-basis:33.33%\">\n<p><\/p>\n\n\n\n<p><strong>PROFESSORA: M\u00e1rcia Stedille<br>TURMA: Jardim A<br>PER\u00cdODO DE DURA\u00c7\u00c3O: <\/strong> SETEMBRO<strong><br>TEMA: <\/strong>Viajando pelo Planeta Terra no bal\u00e3o m\u00e1gico.<\/p>\n\n\n\n<p><\/p>\n\n\n\n<hr class=\"wp-block-separator has-css-opacity\"\/>\n\n\n\n<div class=\"wp-block-buttons is-content-justification-center is-layout-flex wp-container-core-buttons-is-layout-16018d1d wp-block-buttons-is-layout-flex\">\n<div class=\"wp-block-button\"><a class=\"wp-block-button__link wp-element-button\" href=\"http:\/\/www.escolareiarthur.com.br\/site\/cardapio\/cardapio-geral\/\">CARD\u00c1PIO<\/a><\/div>\n<\/div>\n<\/div>\n\n\n\n<div class=\"wp-block-column is-layout-flow wp-block-column-is-layout-flow\" style=\"flex-basis:66.66%\">\n<h3 class=\"wp-block-heading\">Justificativa<\/h3>\n\n\n\n<p>Na faixa et\u00e1ria do Jardim de Inf\u00e2ncia, a constru\u00e7\u00e3o do conhecimento e o desenvolvimento dos educandos t\u00eam como norteadoras as intera\u00e7\u00f5es e a brincadeira,garantindo aos meninos e meninas os direitos de conviver, brincar, participar, explorar,expressar-se e conhecer-se. Al\u00e9m disso, toda crian\u00e7a tem o direito de ser respeitada,<br>valorizada, amada, incentivada e feliz. Ocasionalmente, os pequenos passam boaparte do dia na escola, que por sua vez desempenha uma important\u00edssima fun\u00e7\u00e3osocial proporcionando \u00e0 crian\u00e7a um ambiente acolhedor que lhe possibilite todo osubstrato necess\u00e1rio para desenvolver sua autonomia intelectual.<br>Este projeto busca, de maneira l\u00fadica, mergulhar no mundo da fantasia e fazercom que as crian\u00e7as viagem atrav\u00e9s da imagina\u00e7\u00e3o para v\u00e1rios lugares do mundo,desbravando um pouquinho da cultura, culin\u00e1ria, fauna e flora de cada local visitado.<br>Assim, al\u00e9m de resgatar variadas can\u00e7\u00f5es que permanecem atemporais atrav\u00e9s dasgera\u00e7\u00f5es, ser\u00e1 destacado o contato com a musicalidade, no\u00e7\u00f5es espaciais egeogr\u00e1ficas, literatura e cultura, que contribuem para a oralidade, vocabul\u00e1rio,<br>comunica\u00e7\u00e3o, entre outros aspectos.<\/p>\n\n\n\n<h3 class=\"wp-block-heading\">Objetivos espec\u00edficos;<\/h3>\n\n\n\n<ul class=\"wp-block-list\">\n<li>Identificar o tema do projeto;<\/li>\n\n\n\n<li>Incentivar a imagina\u00e7\u00e3o, proporcionando atividades em que possam viajar para diferentes lugares do mundo atrav\u00e9s da fantasia;<\/li>\n\n\n\n<li>Estimular a criatividade e possibilitar novas descobertas;<\/li>\n\n\n\n<li>Proporcionar o contato com diferentes culturas e tudo que as abrange (culin\u00e1ria,fauna, flora, diferentes linguagens e etc.); dentro de nossa proposta de educa\u00e7\u00e3oambiental<\/li>\n\n\n\n<li>Promover a inicia\u00e7\u00e3o ao conhecimento de letras e n\u00fameros<\/li>\n\n\n\n<li>Perceber a import\u00e2ncia de conviver com outras crian\u00e7as e adultos, com momentosde integra\u00e7\u00e3o e com jogos e brincadeiras cooperativas.<\/li>\n\n\n\n<li>Desenvolver o senso de equipe;<\/li>\n\n\n\n<li>Incentivar a divis\u00e3o de brinquedos e brincadeiras;<\/li>\n\n\n\n<li>Estimular a coordena\u00e7\u00e3o motora fina e ampla, atrav\u00e9s de circuitos realizados emsala de aula e atividades de pintura, recorte, colagem, entre outras.<\/li>\n\n\n\n<li>Ampliar a linguagem oral;<\/li>\n\n\n\n<li>Incentivar a alimenta\u00e7\u00e3o saud\u00e1vel;<\/li>\n<\/ul>\n\n\n\n<p><strong>DESENVOLVIMENTO<\/strong><\/p>\n\n\n\n<ul class=\"wp-block-list\">\n<li>Apresenta\u00e7\u00e3o do projeto para a turma;<\/li>\n\n\n\n<li>Apresenta\u00e7\u00e3o do mapa mundial;<\/li>\n\n\n\n<li>Apresenta\u00e7\u00e3o semanal de diferentes pa\u00edses, sua cultura, culin\u00e1ria, fauna, flora e<br>linguagem;<\/li>\n\n\n\n<li>Promover di\u00e1logos na rodinha sobre o tema do projeto;<\/li>\n\n\n\n<li>Confec\u00e7\u00e3o da bandeira de cada local para onde \u2018viajaremos\u2019;<\/li>\n\n\n\n<li>Confec\u00e7\u00e3o de materiais diversos como fantoches\/palitoches e cartazes coletivos;<\/li>\n\n\n\n<li>Usar diferentes t\u00e9cnicas de pintura;<\/li>\n\n\n\n<li>Realizar colagens com materiais diversos;<\/li>\n\n\n\n<li>Hora do conto com diversos livros, contos e hist\u00f3rias que envolvam o tematrabalhado;<br>-Trabalhar letras e n\u00fameros;<\/li>\n\n\n\n<li>Constru\u00e7\u00f5es com sucatas variadas;<\/li>\n\n\n\n<li>Escutar, cantar e dan\u00e7ar can\u00e7\u00f5es que se enquadrem na tem\u00e1tica do projeto;<\/li>\n\n\n\n<li>Culin\u00e1ria;<\/li>\n\n\n\n<li>Realizar jogos cooperativos;<\/li>\n\n\n\n<li>Realizar diferentes tipos de circuitos psicomotores;<\/li>\n\n\n\n<li>Realizar atividades relacionadas as datas comemorativas;<\/li>\n\n\n\n<li>Apresenta\u00e7\u00e3o do projeto para a fam\u00edlia;<\/li>\n<\/ul>\n\n\n\n<p><strong>Avalia\u00e7\u00e3o<\/strong><br>A avalia\u00e7\u00e3o dar-se-\u00e1 atrav\u00e9s de acompanhamento e observa\u00e7\u00e3o do desenvolvimento<br>dos educandos e educandas nas atividades pedag\u00f3gicas propostas.<\/p>\n\n\n\n<p><strong>Datas comemorativas<\/strong><br>Dia dos Povos Origin\u00e1rios (Ind\u00edgenas), P\u00e1scoa, dia das m\u00e3es<\/p>\n\n\n\n<p><\/p>\n\n\n\n<p><\/p>\n\n\n\n<p><\/p>\n\n\n\n<p><\/p>\n\n\n\n<p><\/p>\n\n\n\n<p><\/p>\n\n\n\n<p><\/p>\n\n\n\n<p><\/p>\n\n\n\n<p><\/p>\n\n\n\n<p><\/p>\n\n\n\n<p><\/p>\n\n\n\n<p><\/p>\n\n\n\n<p><\/p>\n\n\n\n<p><\/p>\n\n\n\n<p><\/p>\n\n\n\n<p><\/p>\n\n\n\n<p><\/p>\n\n\n\n<p><\/p>\n<\/div>\n<\/div>\n\n\n<div class=\"row\">\n<div class=\"span12\"><table class=\"table table-bordered table-striped\"><thead><tr><th>Segunda-feira<\/th><th>Ter\u00e7a-feira<\/th><th>Quarta-feira<\/th><th>Quinta-feira<\/th><th>Sexta-feira<\/th><\/tr><\/thead><tbody><tr><td>\nDIA DO JOGO<br \/>\nAULA DE INGLES<br \/>\n<td>\nDIA DE CAPOEIRA<br \/>\n\n<td>\nDIA DO LIVRO<br \/>\nAULA DE BALLET<br \/>\n\n<td>\nAULA DE M\u00daSICA<br \/>\n\n<td>\n* DIA DO LANCHE COLETIVO (frutas)<br \/>\n* DIA DO BRINQUEDO<br \/>\n* DIA DE AULA DE RITMOS<br \/>\n<\/tbody><\/table><!-- table (end) --><\/div>\n<\/div><!-- .row (end) -->\n","protected":false},"excerpt":{"rendered":"<p>Projeto &#8211; Jardim A PROFESSORA: M\u00e1rcia StedilleTURMA: Jardim APER\u00cdODO DE DURA\u00c7\u00c3O: SETEMBROTEMA: Viajando pelo Planeta Terra no bal\u00e3o m\u00e1gico. Justificativa Na faixa et\u00e1ria do Jardim de Inf\u00e2ncia, a constru\u00e7\u00e3o do conhecimento e o desenvolvimento dos educandos t\u00eam como norteadoras as intera\u00e7\u00f5es e a brincadeira,garantindo aos meninos e meninas os direitos de conviver, brincar, participar, explorar,expressar-se e conhecer-se. Al\u00e9m disso, toda&nbsp;<a href=\"http:\/\/www.escolareiarthur.com.br\/site\/turmas\/jardim-a-rotina-projeto\/\" class=\"read-more\">Continue Reading<\/a><\/p>\n","protected":false},"author":8,"featured_media":0,"parent":2627,"menu_order":0,"comment_status":"closed","ping_status":"closed","template":"page-fullwidth.php","meta":{"_exactmetrics_skip_tracking":false,"_exactmetrics_sitenote_active":false,"_exactmetrics_sitenote_note":"","_exactmetrics_sitenote_category":0,"footnotes":""},"class_list":["post-14548","page","type-page","status-publish","hentry"],"_links":{"self":[{"href":"http:\/\/www.escolareiarthur.com.br\/site\/wp-json\/wp\/v2\/pages\/14548","targetHints":{"allow":["GET"]}}],"collection":[{"href":"http:\/\/www.escolareiarthur.com.br\/site\/wp-json\/wp\/v2\/pages"}],"about":[{"href":"http:\/\/www.escolareiarthur.com.br\/site\/wp-json\/wp\/v2\/types\/page"}],"author":[{"embeddable":true,"href":"http:\/\/www.escolareiarthur.com.br\/site\/wp-json\/wp\/v2\/users\/8"}],"replies":[{"embeddable":true,"href":"http:\/\/www.escolareiarthur.com.br\/site\/wp-json\/wp\/v2\/comments?post=14548"}],"version-history":[{"count":0,"href":"http:\/\/www.escolareiarthur.com.br\/site\/wp-json\/wp\/v2\/pages\/14548\/revisions"}],"up":[{"embeddable":true,"href":"http:\/\/www.escolareiarthur.com.br\/site\/wp-json\/wp\/v2\/pages\/2627"}],"wp:attachment":[{"href":"http:\/\/www.escolareiarthur.com.br\/site\/wp-json\/wp\/v2\/media?parent=14548"}],"curies":[{"name":"wp","href":"https:\/\/api.w.org\/{rel}","templated":true}]}}