{"id":17052,"date":"2021-07-19T15:40:12","date_gmt":"2021-07-19T18:40:12","guid":{"rendered":"http:\/\/www.escolareiarthur.com.br\/site\/?page_id=17052"},"modified":"2025-09-02T14:08:35","modified_gmt":"2025-09-02T17:08:35","slug":"cardapio-geral","status":"publish","type":"page","link":"http:\/\/www.escolareiarthur.com.br\/site\/cardapio\/cardapio-geral\/","title":{"rendered":"Card\u00e1pio :: Maternal e Jardim"},"content":{"rendered":"<div id=\"fb-root\"><\/div>\n\n<h1 class=\"wp-block-heading has-text-align-right\">SETEMBRO  \/ 2025<\/h1>\n\n\n<table class=\"table table-bordered table-striped\"><thead><tr><th>DATA<\/th><th>COLA\u00c7\u00c3O<\/th><th>ALMO\u00c7O\/JANTAR<\/th><th>SALADA<\/th><th>LANCHE DA TARDE<\/th><\/tr><\/thead><tbody><tr><td>01\/09<\/p>\n segunda-feira<\/p>\n<p>\u00a0<td>frutas da esta\u00e7\u00e3o\n<td>arroz e feij\u00e3o massinha com molho de frango\n<td>couve -flor\n<td>frutas da esta\u00e7\u00e3o<\/tr><tr>\n<td>02\/09<\/p>\nter\u00e7a-feira<\/p>\n<td>frutas da esta\u00e7\u00e3o\n<td>arroz e feij\u00e3o massinha com molho de frango\n<td>beterraba\n<td>lanche coletivo<\/tr><tr>\n<td>\u00a0 03\/09<br \/>quarta- feira<td>Frutas da esta\u00e7\u00e3o[td3Arroz e Lentilha Torta salgada <td>Alface<td>bolo de laranja<\/tr><tr>\n<td>\u00a0 04\/09<br \/>quinta-feira <td>Frutas da esta\u00e7\u00e3o<td>Arroz, Feij\u00e3o, iscas de frango com molho e batatinhas<td>tomate<td>frutas da esta\u00e7\u00e3o<\/tr><tr>\n<td> 05\/09<br \/>sexta-feira <td>Frutas da esta\u00e7\u00e3o<td>Arroz, lentilha, gratinado de legumes<td>salada mista<td>lanche coletivo <\/tr><tr>\n<td> Dia 08\/09<br \/>segunda-feira <td>Frutas da esta\u00e7\u00e3o<td>Arroz e Feij\u00e3o,Frango assado com batata doce<td>Tomate<td>Frutas da esta\u00e7\u00e3o<\/tr><tr>\n<td> Dia 09\/09<br \/>ter\u00e7a-feira <td>Frutas da esta\u00e7\u00e3o<td>Arroz, Feij\u00e3o, iscas de carne com seleta de legumes<td>Ab\u00f3brinha<td>frutas<\/tr><tr>\n<td><td><td><td><td><\/tr><tr><td>DATA <td>Cola\u00e7\u00e3o <td>ALMO\u00c7O\/JANTAR <td>SALADA <td>LANCHE DA TARDE<\/tr><tr>\n<td> Dia 10\/09<br \/>quarta-feira <td>Frutas da esta\u00e7\u00e3o<td>Arroz e feij\u00e3o, Massa com sardinha<td>repolho<td>frutas da esta\u00e7\u00e3o<\/tr><tr>\n<td> Dia 11\/09<br \/>quinta-feira <td>Frutas da esta\u00e7\u00e3o<td>Arroz, Feij\u00e3o,bife de frango com creme de milho<td>Couve-flor<td>frutas<\/tr><tr>\n<td> Dia 12\/09<br \/>sexta-feira<td>Frutas da esta\u00e7\u00e3o<td>Arroz , lentilha, torta de espinafre<td>Tomate<td>lanche coletivo<\/tr><tr>\n<td> Dia 15\/09<br \/>segunda-feira <td>Frutas da esta\u00e7\u00e3o<td>Arroz, Feij\u00e3o, Polenta com molho \u00e1 bolonhesa<td>couve flor<td>Frutas da esta\u00e7\u00e3o<\/tr><tr>\n<td> Dia 16\/09<br \/>ter\u00e7a-feira<td>Frutas da esta\u00e7\u00e3o<td>Arroz, Feij\u00e3o, Franguinho com milho<td>Cenoura<td>lanche coletivo<\/tr><tr>\n<td><td><td><td><td><\/tr><tr><td>DATA <td>Cola\u00e7\u00e3o <td>ALMO\u00c7O\/JANTAR <td>SALADA <td>LANCHE DA TARDE<\/tr><tr>\n<td> Dia 17\/09<br \/>quarta-feira<td>Frutas da esta\u00e7\u00e3o<td>Arroz ,feij\u00e3o panqueca de carne<td>Salada mista<td>frutas da esta\u00e7\u00e3o<\/tr><tr>\n<td> Dia 18\/09<br \/>quinta-feira <td>Frutas da esta\u00e7\u00e3o<td>Risoto de frango e feij\u00e3o e repolho refigado<td>cenoura<td>lanche coletivo<\/tr><tr>\n<td> Dia 19\/09<br \/>sexta-feira <td>Frutas da esta\u00e7\u00e3o<td>Arroz e lentilha, Omelete de couve e Manteiga<td>Cenoura<td>bolo formigueiro<\/tr><tr>\n<td> Dia 22\/09<br \/>segunda -feira<td>Frutas da esta\u00e7\u00e3o<td>Arroz e Feij\u00e3o, Iscas de frango com ervilha[td4cenoura<td>Frutas da esta\u00e7\u00e3o<\/tr><tr>\n<td> Dia 23\/09<br \/>ter\u00e7a-feira<td>Frutas da esta\u00e7\u00e3o<td>Arroz e Feij\u00e3o, ensopado de carne com mandioca <td>repolho <td>lanche coletivo <\/tr><tr>\n<td> dia 24\/09<\/p>\nquarta-feira<\/p>\n<td>frutas da esta\u00e7\u00e3o\u00a0<\/p>\n<td>arroz e lentilha omelete de legumes\n<td> beterraba\n<td>p\u00e3o de queijo<\/tr><tr><td>DATA <td>Cola\u00e7\u00e3o <td>ALMO\u00c7O\/JANTAR <td>SALADA <td>LANCHE DA TARDE<\/tr><tr>\n<td> Dia 25\/09<br \/>quinta- feira<td>Frutas da esta\u00e7\u00e3o<td>Arroz e feij\u00e3o, lombo de porco quibebe<td>Cenoura<td>bolo de bergamota<\/tr><tr>\n<td> Dia 26\/09<br \/> sexta feira\u00a0<br \/><td> frutas da esta\u00e7\u00e3o <td> arroz e feij\u00e3o carne moida com aipim[td4 couve -flor]<td> lanche coletivo\n<td> dia 29\/09<br \/><\/tr><tr> segunda-feira\u00a0<br \/><td> frutas da esta\u00e7\u00e3o [td3 arroz e lentilha com omelete de legumes]<td> beterraba<td>sanduiche com as cores do Rio Grande do Sul\n<td>\u00a0<br \/><\/tr><tr><td><td><td><td>\n<td>\u00a0<br \/><\/tr><tr><td><td><td><td>\n<td><\/tr><tr><td><td><td><td><\/tbody><\/table><!-- table (end) -->\n\n\n<p>OBS:<\/p>\n\n\n\n<ul id=\"block-7a6bc0d6-c3db-4ab7-bb54-65c944e03674\" class=\"wp-block-list\">\n<li>Card\u00e1pio sujeito a altera\u00e7\u00f5es mediante disponibilidade de g\u00eaneros;<\/li>\n\n\n\n<li>M\u00e9dia calorias\/dia \u2013 Cal: 650Kcal \/ CHO 170g \/PTN 57g \/ LIP 28g \/ Ca:150mg \/ Fe: 5mg;<\/li>\n\n\n\n<li>A\/F: arroz e feij\u00e3o; A\/L: arroz e lentilha;<\/li>\n\n\n\n<li>\u00c9 oferecido \u00e1gua durante o almo\u00e7o e o jantar, e ao longo do dia;<\/li>\n\n\n\n<li>Crian\u00e7as com alergias\/intoler\u00e2ncias e\/ou restri\u00e7\u00f5es recebem alimenta\u00e7\u00e3o de acordo com o combinado com a fam\u00edlia.<\/li>\n<\/ul>\n\n\n\n<p class=\"has-text-align-right\">MARIA LETICIA JARDIM <\/p>\n\n\n\n<p class=\"has-text-align-right\"><strong>    Nutricionista CRN2 18611D<\/strong> <\/p>\n\n\n\n<p class=\"has-text-align-right\"><\/p>\n","protected":false},"excerpt":{"rendered":"<p>SETEMBRO \/ 2025 OBS: MARIA LETICIA JARDIM Nutricionista CRN2 18611D<\/p>\n","protected":false},"author":9,"featured_media":0,"parent":2175,"menu_order":0,"comment_status":"closed","ping_status":"closed","template":"page-fullwidth.php","meta":{"_exactmetrics_skip_tracking":false,"_exactmetrics_sitenote_active":false,"_exactmetrics_sitenote_note":"","_exactmetrics_sitenote_category":0,"footnotes":""},"class_list":["post-17052","page","type-page","status-publish","hentry"],"_links":{"self":[{"href":"http:\/\/www.escolareiarthur.com.br\/site\/wp-json\/wp\/v2\/pages\/17052","targetHints":{"allow":["GET"]}}],"collection":[{"href":"http:\/\/www.escolareiarthur.com.br\/site\/wp-json\/wp\/v2\/pages"}],"about":[{"href":"http:\/\/www.escolareiarthur.com.br\/site\/wp-json\/wp\/v2\/types\/page"}],"author":[{"embeddable":true,"href":"http:\/\/www.escolareiarthur.com.br\/site\/wp-json\/wp\/v2\/users\/9"}],"replies":[{"embeddable":true,"href":"http:\/\/www.escolareiarthur.com.br\/site\/wp-json\/wp\/v2\/comments?post=17052"}],"version-history":[{"count":0,"href":"http:\/\/www.escolareiarthur.com.br\/site\/wp-json\/wp\/v2\/pages\/17052\/revisions"}],"up":[{"embeddable":true,"href":"http:\/\/www.escolareiarthur.com.br\/site\/wp-json\/wp\/v2\/pages\/2175"}],"wp:attachment":[{"href":"http:\/\/www.escolareiarthur.com.br\/site\/wp-json\/wp\/v2\/media?parent=17052"}],"curies":[{"name":"wp","href":"https:\/\/api.w.org\/{rel}","templated":true}]}}