{"id":203,"date":"2011-09-14T09:45:02","date_gmt":"2011-09-14T09:45:02","guid":{"rendered":"http:\/\/livedemo00.template-help.com\/wordpress_43375\/?page_id=203"},"modified":"2025-02-25T10:35:58","modified_gmt":"2025-02-25T13:35:58","slug":"home","status":"publish","type":"page","link":"http:\/\/www.escolareiarthur.com.br\/site\/home\/","title":{"rendered":"In\u00edcio"},"content":{"rendered":"<div id=\"fb-root\"><\/div>\n\n<hr class=\"wp-block-separator has-css-opacity\"\/>\n\n\n<div class=\"wp-block-image\">\n<figure class=\"aligncenter size-large\"><a href=\"http:\/\/www.escolareiarthur.com.br\/site\/aulas\/\"><img loading=\"lazy\" decoding=\"async\" width=\"1024\" height=\"485\" src=\"http:\/\/www.escolareiarthur.com.br\/site\/wp-content\/uploads\/2022\/04\/Aulas-especializadas.jpg\" alt=\"\" class=\"wp-image-17385\" srcset=\"http:\/\/www.escolareiarthur.com.br\/site\/wp-content\/uploads\/2022\/04\/Aulas-especializadas.jpg 1024w, http:\/\/www.escolareiarthur.com.br\/site\/wp-content\/uploads\/2022\/04\/Aulas-especializadas-300x142.jpg 300w, http:\/\/www.escolareiarthur.com.br\/site\/wp-content\/uploads\/2022\/04\/Aulas-especializadas-768x364.jpg 768w\" sizes=\"auto, (max-width: 1024px) 100vw, 1024px\" \/><\/a><\/figure>\n<\/div>\n\n\n<hr class=\"wp-block-separator has-css-opacity\"\/>\n\n\n\n<div class=\"wp-block-columns is-layout-flex wp-container-core-columns-is-layout-9d6595d7 wp-block-columns-is-layout-flex\">\n<div class=\"wp-block-column is-layout-flow wp-block-column-is-layout-flow\">\n<h1 class=\"wp-block-heading\">CARD\u00c1PIO<\/h1>\n\n\n\n<h3 class=\"wp-block-heading\"><em>Nosso card\u00e1pio \u00e9 elaborado por uma nutricionista especialista em nutri\u00e7\u00e3o infantil\u2026<\/em><\/h3>\n\n\n\n<div class=\"wp-block-buttons is-layout-flex wp-block-buttons-is-layout-flex\">\n<div class=\"wp-block-button\"><a class=\"wp-block-button__link has-text-color has-background wp-element-button\" href=\"http:\/\/www.escolareiarthur.com.br\/site\/cardapio\/\" style=\"border-radius:2px;color:#f9db2f;background-color:#9c181d\">SAIBA +<\/a><\/div>\n<\/div>\n<\/div>\n\n\n\n<div class=\"wp-block-column is-layout-flow wp-block-column-is-layout-flow\">\n<h1 class=\"wp-block-heading\">PROJETOS<\/h1>\n\n\n\n<h3 class=\"wp-block-heading\"><em>A sala de aula \u00e9 o espa\u00e7o privilegiado para o desenvolvimento das atividades de aprendizagem&nbsp;\u2026<\/em><\/h3>\n\n\n\n<div class=\"wp-block-buttons is-layout-flex wp-block-buttons-is-layout-flex\">\n<div class=\"wp-block-button\"><a class=\"wp-block-button__link has-text-color has-background wp-element-button\" href=\"http:\/\/www.escolareiarthur.com.br\/site\/turmas\/\" style=\"border-radius:2px;color:#f9db2f;background-color:#9c181d\">SAIBA +<\/a><\/div>\n<\/div>\n<\/div>\n\n\n\n<div class=\"wp-block-column is-layout-flow wp-block-column-is-layout-flow\">\n<h1 class=\"wp-block-heading\">CALEND\u00c1RIO ESCOLAR<\/h1>\n\n\n\n<h3 class=\"wp-block-heading\"><em>Confira nosso calend\u00e1rio anual para n\u00e3o perder n<\/em>ossa PROGRAMA\u00c7\u00c3O ANUAL 2025<\/h3>\n\n\n\n<p><\/p>\n\n\n\n<p><\/p>\n<\/div>\n<\/div>\n\n\n\n<div class=\"wp-block-media-text alignwide is-stacked-on-mobile\" style=\"grid-template-columns:43% auto\"><figure class=\"wp-block-media-text__media\"><img loading=\"lazy\" decoding=\"async\" width=\"320\" height=\"320\" src=\"https:\/\/www.escolareiarthur.com.br\/site\/wp-content\/uploads\/2024\/06\/IMG-20240604-WA0130.jpg\" alt=\"\" class=\"wp-image-18170 size-full\" srcset=\"http:\/\/www.escolareiarthur.com.br\/site\/wp-content\/uploads\/2024\/06\/IMG-20240604-WA0130.jpg 320w, http:\/\/www.escolareiarthur.com.br\/site\/wp-content\/uploads\/2024\/06\/IMG-20240604-WA0130-300x300.jpg 300w, http:\/\/www.escolareiarthur.com.br\/site\/wp-content\/uploads\/2024\/06\/IMG-20240604-WA0130-150x150.jpg 150w\" sizes=\"auto, (max-width: 320px) 100vw, 320px\" \/><\/figure><div class=\"wp-block-media-text__content\">\n<p class=\"has-large-font-size\"><\/p>\n<\/div><\/div>\n\n\n\n<hr class=\"wp-block-separator has-css-opacity\"\/>\n\n\n\n<h1 class=\"wp-block-heading has-text-align-center\" id=\"block-a7ce7b79-0e53-49d6-a028-24b644bec8fc\"><a href=\"http:\/\/www.escolareiarthur.com.br\/site\/informacoes-doenca-meningococica\/\">IMPORTANTE: DOEN\u00c7A MENINGOC\u00d3CICA<\/a><\/h1>\n\n\n\n<div class=\"wp-block-columns is-layout-flex wp-container-core-columns-is-layout-9d6595d7 wp-block-columns-is-layout-flex\">\n<div class=\"wp-block-column is-layout-flow wp-block-column-is-layout-flow\">\n<h1 class=\"wp-block-heading\">Miss\u00e3o &amp; Valores<\/h1>\n\n\n\n<h3 class=\"wp-block-heading\"><em>Valorizar o ser atrav\u00e9s de valores, a\u00e7\u00f5es e muito l\u00fadico, respeitando seres humanos, animais e meio ambiente. Ensinando para o hoje e amanh\u00e3!<\/em><\/h3>\n\n\n\n<div class=\"wp-block-buttons is-layout-flex wp-block-buttons-is-layout-flex\">\n<div class=\"wp-block-button\"><a class=\"wp-block-button__link has-text-color has-background wp-element-button\" href=\"http:\/\/www.escolareiarthur.com.br\/site\/a-escola\/\" style=\"border-radius:2px;color:#f9db2f;background-color:#9c181d\">SAIBA +<\/a><\/div>\n<\/div>\n<\/div>\n\n\n\n<div class=\"wp-block-column is-layout-flow wp-block-column-is-layout-flow\">\n<h1 class=\"wp-block-heading\">Nossa Metodologia<\/h1>\n\n\n\n<h3 class=\"wp-block-heading\"><em>Trabalhamos dentro de uma proposta s\u00f3cio-interacionista de Vygotsky, onde a crian\u00e7a aprende atrav\u00e9s da intera\u00e7\u00e3o com o outro e com o meio\u2026<\/em><\/h3>\n\n\n\n<div class=\"wp-block-buttons is-layout-flex wp-block-buttons-is-layout-flex\">\n<div class=\"wp-block-button\"><a class=\"wp-block-button__link has-text-color has-background wp-element-button\" href=\"http:\/\/www.escolareiarthur.com.br\/site\/metodologia\/\" style=\"border-radius:2px;color:#f9db2f;background-color:#9c181d\">SAIBA +<\/a><\/div>\n<\/div>\n<\/div>\n\n\n\n<div class=\"wp-block-column is-layout-flow wp-block-column-is-layout-flow\">\n<h1 class=\"wp-block-heading\">Aulas Extra<\/h1>\n\n\n\n<h3 class=\"wp-block-heading\"><em>Visando despertar novos horizontes a nossos alunos, disponibilizamos Aulas Extras\u2026<\/em><\/h3>\n\n\n\n<div class=\"wp-block-buttons is-layout-flex wp-block-buttons-is-layout-flex\">\n<div class=\"wp-block-button\"><a class=\"wp-block-button__link has-text-color has-background wp-element-button\" href=\"http:\/\/www.escolareiarthur.com.br\/site\/aulas\/\" style=\"border-radius:2px;color:#f9db2f;background-color:#9c181d\">SAIBA +<\/a><\/div>\n<\/div>\n<\/div>\n<\/div>\n\n\n\n<hr class=\"wp-block-separator has-css-opacity\"\/>\n\n\n\n<h2 class=\"wp-block-heading\"><\/h2>\n\n\n\n<h1 class=\"wp-block-heading has-text-align-center\">:: Principais diferenciais da Escola Rei Arthur ::<\/h1>\n\n\n\n<div class=\"wp-block-columns is-layout-flex wp-container-core-columns-is-layout-9d6595d7 wp-block-columns-is-layout-flex\">\n<div class=\"wp-block-column is-layout-flow wp-block-column-is-layout-flow\">\n<h2 class=\"wp-block-heading has-text-align-center\"><a href=\"http:\/\/www.escolareiarthur.com.br\/site\/monitoramento\/\"><strong>Acompanhamento ON-LINE<\/strong><\/a><\/h2>\n\n\n\n<div class=\"wp-block-columns is-layout-flex wp-container-core-columns-is-layout-9d6595d7 wp-block-columns-is-layout-flex\">\n<div class=\"wp-block-column is-layout-flow wp-block-column-is-layout-flow\">\n<p class=\"has-text-align-center\"><em>Veja seus filhos em tempo real<\/em><\/p>\n\n\n<div class=\"wp-block-image\">\n<figure class=\"aligncenter size-large is-resized\"><img loading=\"lazy\" decoding=\"async\" width=\"325\" height=\"325\" src=\"http:\/\/www.escolareiarthur.com.br\/site\/wp-content\/uploads\/2021\/06\/monitoramento.png\" alt=\"\" class=\"wp-image-17022\" style=\"width:163px;height:163px\" srcset=\"http:\/\/www.escolareiarthur.com.br\/site\/wp-content\/uploads\/2021\/06\/monitoramento.png 325w, http:\/\/www.escolareiarthur.com.br\/site\/wp-content\/uploads\/2021\/06\/monitoramento-300x300.png 300w, http:\/\/www.escolareiarthur.com.br\/site\/wp-content\/uploads\/2021\/06\/monitoramento-150x150.png 150w\" sizes=\"auto, (max-width: 325px) 100vw, 325px\" \/><\/figure>\n<\/div><\/div>\n\n\n\n<div class=\"wp-block-column is-layout-flow wp-block-column-is-layout-flow\">\n<p>Conseguir acompanhar o desenvolvimento dos filhos \u00e9 uma das grandes dificuldades dos pais nos dias de hoje.<\/p>\n\n\n\n<p>Buscando satisfazer a necessidade dos pais quando bate aquela saudade de seu filho, disponibilizamos o servi\u00e7o de monitoramento on-line <strong><a rel=\"noreferrer noopener\" href=\"http:\/\/pt.wikipedia.org\/wiki\/Circuito_fechado_de_televis%C3%A3o\" target=\"_blank\">(CFTV)<\/a><\/strong>  da sala do aluno, dessa forma, os pais podem acessar e acompanhar em tempo real o dia-a-dia de seu filho em sua sala.<\/p>\n<\/div>\n<\/div>\n<\/div>\n\n\n\n<div class=\"wp-block-column is-layout-flow wp-block-column-is-layout-flow\">\n<h2 class=\"wp-block-heading has-text-align-center\"><strong>Ambiente climatizado<\/strong><\/h2>\n\n\n\n<div class=\"wp-block-columns is-layout-flex wp-container-core-columns-is-layout-9d6595d7 wp-block-columns-is-layout-flex\">\n<div class=\"wp-block-column is-layout-flow wp-block-column-is-layout-flow\">\n<p class=\"has-text-align-center\"><em>Seus filhos no melhor ambiente<\/em><\/p>\n\n\n<div class=\"wp-block-image\">\n<figure class=\"aligncenter size-large is-resized\"><img loading=\"lazy\" decoding=\"async\" width=\"325\" height=\"325\" src=\"http:\/\/www.escolareiarthur.com.br\/site\/wp-content\/uploads\/2021\/06\/ambiente-climatizado-png-1.png\" alt=\"\" class=\"wp-image-17020\" style=\"width:163px;height:163px\" srcset=\"http:\/\/www.escolareiarthur.com.br\/site\/wp-content\/uploads\/2021\/06\/ambiente-climatizado-png-1.png 325w, http:\/\/www.escolareiarthur.com.br\/site\/wp-content\/uploads\/2021\/06\/ambiente-climatizado-png-1-300x300.png 300w, http:\/\/www.escolareiarthur.com.br\/site\/wp-content\/uploads\/2021\/06\/ambiente-climatizado-png-1-150x150.png 150w\" sizes=\"auto, (max-width: 325px) 100vw, 325px\" \/><\/figure>\n<\/div><\/div>\n\n\n\n<div class=\"wp-block-column is-layout-flow wp-block-column-is-layout-flow\">\n<p>Come\u00e7amos 2015 com novidades, a Escola Rei Arthur conta com mais um benef\u00edcio para nossos alunos.<\/p>\n\n\n\n<p>Agora estamos equipados com ar condicionado em todas as salas e demais depend\u00eancias da escola para maior conforto e bem estar.<\/p>\n\n\n\n<p>Nossas crian\u00e7as podem desfrutar de uma temperatura agrad\u00e1vel que tornar\u00e1 suas atividades e descanso mais prazerosas.<\/p>\n<\/div>\n<\/div>\n<\/div>\n<\/div>\n\n\n\n<hr class=\"wp-block-separator has-css-opacity\"\/>\n\n\n\n<div class=\"wp-block-columns is-layout-flex wp-container-core-columns-is-layout-9d6595d7 wp-block-columns-is-layout-flex\">\n<div class=\"wp-block-column is-layout-flow wp-block-column-is-layout-flow\">\n<h2 class=\"wp-block-heading\"><strong>AVISOS<\/strong><\/h2>\n\n\n\n<ul class=\"recent-posts services unstyled\"><li class=\"recent-posts_li post-16932 services type-services status-publish hentry\"><h5><a href=\"http:\/\/www.escolareiarthur.com.br\/site\/services-view\/16932\/\" title=\"\"><\/a><\/h5><div class=\"excerpt\">A Escola Rei Arthur diante deste cen\u00e1rio de pandemia, tem pensado muito no bem estar e aprendizagem das... <\/div><a href=\"http:\/\/www.escolareiarthur.com.br\/site\/services-view\/16932\/\" class=\"btn btn-primary\" title=\"\">more<\/a><div class=\"clear\"><\/div><\/li><!-- .entry (end) --><li class=\"recent-posts_li post-16240 services type-services status-publish hentry\"><h5><a href=\"http:\/\/www.escolareiarthur.com.br\/site\/services-view\/matriculas-2020\/\" title=\"Matriculas 2024\">Matriculas 2024<\/a><\/h5><div class=\"excerpt\">MATR\u00cdCULAS 2024 ABERTAS!! Estrutura acolhedora de casa, onde as crian\u00e7as vivenciam a inf\u00e2ncia da maneira mais acolhedora poss\u00edvel:... <\/div><a href=\"http:\/\/www.escolareiarthur.com.br\/site\/services-view\/matriculas-2020\/\" class=\"btn btn-primary\" title=\"Matriculas 2024\">more<\/a><div class=\"clear\"><\/div><\/li><!-- .entry (end) --><\/ul><!-- .recent-posts (end) -->\n<a href=\"services-view\/\" title=\"Outros avisos\" class=\"btn btn-default btn-normal btn-inline \" target=\"_self\">Outros avisos<\/a><!-- .btn -->\n<\/div>\n\n\n\n<div class=\"wp-block-column is-layout-flow wp-block-column-is-layout-flow\">\n<h2 class=\"wp-block-heading\"><strong>\u00daLTIMAS NOT\u00cdCIAS<\/strong><\/h2>\n\n\n\n<ul class=\"recent-posts  unstyled\"><li class=\"recent-posts_li post-18118 post type-post status-publish format-standard hentry category-materias-de-utilidade cat-45-id\"><h5><a href=\"http:\/\/www.escolareiarthur.com.br\/site\/materias-de-utilidade\/pascoa-2024\/\" title=\"P\u00c1SCOA 2024\">P\u00c1SCOA 2024<\/a><\/h5><div class=\"clear\"><\/div><\/li><!-- .entry (end) --><li class=\"recent-posts_li post-18028 post type-post status-publish format-standard hentry category-materias-de-utilidade cat-45-id\"><h5><a href=\"http:\/\/www.escolareiarthur.com.br\/site\/materias-de-utilidade\/dia-da-mulher\/\" title=\"Dia da mulher!\">Dia da mulher!<\/a><\/h5><div class=\"clear\"><\/div><\/li><!-- .entry (end) --><li class=\"recent-posts_li post-18014 post type-post status-publish format-standard hentry category-materias-de-utilidade cat-45-id\"><h5><a href=\"http:\/\/www.escolareiarthur.com.br\/site\/materias-de-utilidade\/projeto-verao-lanche-refrescante-e-saudavel\/\" title=\"Projeto ver\u00e3o: Lanche refrescante e saud\u00e1vel\">Projeto ver\u00e3o: Lanche refrescante e saud\u00e1vel<\/a><\/h5><div class=\"clear\"><\/div><\/li><!-- .entry (end) --><li class=\"recent-posts_li post-18007 post type-post status-publish format-standard hentry category-materias-de-utilidade cat-45-id\"><h5><a href=\"http:\/\/www.escolareiarthur.com.br\/site\/materias-de-utilidade\/nossas-fofuras-do-bercario\/\" title=\"Nossas fofuras do ber\u00e7ario!\">Nossas fofuras do ber\u00e7ario!<\/a><\/h5><div class=\"clear\"><\/div><\/li><!-- .entry (end) --><\/ul><!-- .recent-posts (end) -->\n<a href=\"blog\/\" title=\"Leia mais...\" class=\"btn btn-default btn-normal btn-inline \" target=\"_self\">Leia mais...<\/a><!-- .btn -->\n<\/div>\n\n\n\n<div class=\"wp-block-column is-layout-flow wp-block-column-is-layout-flow\">\n<h2 class=\"wp-block-heading\"><strong>LOCALIZA\u00c7\u00c3O<\/strong><\/h2>\n\n\n\n<div class=\"google-map\"><iframe loading=\"lazy\" src=\"https:\/\/maps.google.com\/maps?q=Rua+Luiz+Afonso,+565+-+Cidade+Baixa+-+Porto+Alegre%2FRS&amp;hl=pt&amp;sll=37.0625,-95.677068&amp;sspn=51.089971,107.138672&amp;hnear=R.+Luiz+Afonso,+565+-+Cidade+Baixa,+Porto+Alegre+-+Rio+Grande+do+Sul,+90050-310,+Brasil&amp;t=m&amp;z=17&amp;source=embed&amp;output=embed\" frameborder=\"0\" width=\"100%\" height=\"300\" marginwidth=\"0\" marginheight=\"0\" scrolling=\"no\"><\/iframe><\/div>\n<\/div>\n<\/div>\n\n\n\n<div class=\"wp-block-group\"><div class=\"wp-block-group__inner-container is-layout-flow wp-block-group-is-layout-flow\">\n<ul class=\"wp-block-list\">\n<li><strong>CRONOGRAMA DE P\u00c1SCOA\/2024<\/strong><\/li>\n<\/ul>\n\n\n\n<p><\/p>\n<\/div><\/div>\n\n\n\n<p>25\/03 \u2013 M\u00fasicas de P\u00e1scoa<\/p>\n\n\n\n<p>&nbsp;&nbsp;&nbsp;&nbsp;&nbsp;&nbsp;&nbsp;&nbsp;&nbsp; &#8211; Decora\u00e7\u00e3o com a profe<\/p>\n\n\n\n<p>26\/03 \u2013 Constru\u00e7\u00e3o da toca do coelho (trazer coelhos de pel\u00facia de casa)<\/p>\n\n\n\n<p>27\/03 \u2013 Ca\u00e7a aos ovos<\/p>\n\n\n\n<p>28\/03 \u2013 Confraterniza\u00e7\u00e3o de p\u00e1scoa (trazer um lanche seguindo orienta\u00e7\u00e3o das profes via agenda)<\/p>\n","protected":false},"excerpt":{"rendered":"<p>CARD\u00c1PIO Nosso card\u00e1pio \u00e9 elaborado por uma nutricionista especialista em nutri\u00e7\u00e3o infantil\u2026 PROJETOS A sala de aula \u00e9 o espa\u00e7o privilegiado para o desenvolvimento das atividades de aprendizagem&nbsp;\u2026 CALEND\u00c1RIO ESCOLAR Confira nosso calend\u00e1rio anual para n\u00e3o perder nossa PROGRAMA\u00c7\u00c3O ANUAL 2025 IMPORTANTE: DOEN\u00c7A MENINGOC\u00d3CICA Miss\u00e3o &amp; Valores Valorizar o ser atrav\u00e9s de valores, a\u00e7\u00f5es e muito l\u00fadico, respeitando seres humanos,&nbsp;<a href=\"http:\/\/www.escolareiarthur.com.br\/site\/materias-de-utilidade\/nossas-fofuras-do-bercario\/\" class=\"read-more\">Continue Reading<\/a><\/p>\n","protected":false},"author":8,"featured_media":0,"parent":0,"menu_order":0,"comment_status":"open","ping_status":"closed","template":"page-home.php","meta":{"_exactmetrics_skip_tracking":false,"_exactmetrics_sitenote_active":false,"_exactmetrics_sitenote_note":"","_exactmetrics_sitenote_category":0,"footnotes":""},"class_list":["post-203","page","type-page","status-publish","hentry","cat-45-id"],"_links":{"self":[{"href":"http:\/\/www.escolareiarthur.com.br\/site\/wp-json\/wp\/v2\/pages\/203","targetHints":{"allow":["GET"]}}],"collection":[{"href":"http:\/\/www.escolareiarthur.com.br\/site\/wp-json\/wp\/v2\/pages"}],"about":[{"href":"http:\/\/www.escolareiarthur.com.br\/site\/wp-json\/wp\/v2\/types\/page"}],"author":[{"embeddable":true,"href":"http:\/\/www.escolareiarthur.com.br\/site\/wp-json\/wp\/v2\/users\/8"}],"replies":[{"embeddable":true,"href":"http:\/\/www.escolareiarthur.com.br\/site\/wp-json\/wp\/v2\/comments?post=203"}],"version-history":[{"count":0,"href":"http:\/\/www.escolareiarthur.com.br\/site\/wp-json\/wp\/v2\/pages\/203\/revisions"}],"wp:attachment":[{"href":"http:\/\/www.escolareiarthur.com.br\/site\/wp-json\/wp\/v2\/media?parent=203"}],"curies":[{"name":"wp","href":"https:\/\/api.w.org\/{rel}","templated":true}]}}