{"id":2069,"date":"2011-07-14T19:46:13","date_gmt":"2011-07-14T19:46:13","guid":{"rendered":"http:\/\/livedemo00.template-help.com\/wordpress_43375\/?page_id=9"},"modified":"2021-08-17T15:25:51","modified_gmt":"2021-08-17T18:25:51","slug":"galerias","status":"publish","type":"page","link":"http:\/\/www.escolareiarthur.com.br\/site\/galerias\/","title":{"rendered":"Galerias"},"content":{"rendered":"<div id=\"fb-root\"><\/div>\n\n<figure class=\"wp-block-image size-large\"><img loading=\"lazy\" decoding=\"async\" width=\"720\" height=\"575\" src=\"http:\/\/www.escolareiarthur.com.br\/site\/wp-content\/uploads\/2021\/08\/publi-maternal-I-1708-1.jpeg\" alt=\"\" class=\"wp-image-17108\" srcset=\"http:\/\/www.escolareiarthur.com.br\/site\/wp-content\/uploads\/2021\/08\/publi-maternal-I-1708-1.jpeg 720w, http:\/\/www.escolareiarthur.com.br\/site\/wp-content\/uploads\/2021\/08\/publi-maternal-I-1708-1-300x240.jpeg 300w\" sizes=\"auto, (max-width: 720px) 100vw, 720px\" \/><figcaption>Misturando as cores!<br>Objetivo: Conhecer, nomear e explorar as cores!<br>Metodologia: A crian\u00e7a vai utilizar suas m\u00e3os para misturar as cores e usar sua imagina\u00e7\u00e3o.<br>Turma do M1, amoooooooou!<br><\/figcaption><\/figure>\n\n\n\n<figure class=\"wp-block-gallery columns-1 is-cropped wp-block-gallery-1 is-layout-flex wp-block-gallery-is-layout-flex\"><ul class=\"blocks-gallery-grid\"><li class=\"blocks-gallery-item\"><figure><img loading=\"lazy\" decoding=\"async\" width=\"720\" height=\"900\" src=\"http:\/\/www.escolareiarthur.com.br\/site\/wp-content\/uploads\/2021\/08\/imagem-escola-publi-2-2.jpeg\" alt=\"\" data-id=\"17109\" data-full-url=\"http:\/\/www.escolareiarthur.com.br\/site\/wp-content\/uploads\/2021\/08\/imagem-escola-publi-2-2.jpeg\" data-link=\"http:\/\/www.escolareiarthur.com.br\/site\/galerias\/attachment\/imagem-escola-publi-2-2\/\" class=\"wp-image-17109\" srcset=\"http:\/\/www.escolareiarthur.com.br\/site\/wp-content\/uploads\/2021\/08\/imagem-escola-publi-2-2.jpeg 720w, http:\/\/www.escolareiarthur.com.br\/site\/wp-content\/uploads\/2021\/08\/imagem-escola-publi-2-2-240x300.jpeg 240w\" sizes=\"auto, (max-width: 720px) 100vw, 720px\" \/><\/figure><\/li><\/ul><figcaption class=\"blocks-gallery-caption\">Nosso BII,  estimulando a motricidade fina!<\/figcaption><\/figure>\n\n\n\n<figure class=\"wp-block-image size-large\"><img loading=\"lazy\" decoding=\"async\" width=\"720\" height=\"900\" src=\"http:\/\/www.escolareiarthur.com.br\/site\/wp-content\/uploads\/2021\/08\/imagem-escola-publi-1.jpeg\" alt=\"\" class=\"wp-image-17111\" srcset=\"http:\/\/www.escolareiarthur.com.br\/site\/wp-content\/uploads\/2021\/08\/imagem-escola-publi-1.jpeg 720w, http:\/\/www.escolareiarthur.com.br\/site\/wp-content\/uploads\/2021\/08\/imagem-escola-publi-1-240x300.jpeg 240w\" sizes=\"auto, (max-width: 720px) 100vw, 720px\" \/><\/figure>\n\n\n\n<p>Nosso BII, estimulando a motricidade fina!<\/p>\n","protected":false},"excerpt":{"rendered":"<p>Nosso BII, estimulando a motricidade fina!<\/p>\n","protected":false},"author":8,"featured_media":2696,"parent":0,"menu_order":2,"comment_status":"open","ping_status":"closed","template":"page-Portfolio4Cols-filterable.php","meta":{"_exactmetrics_skip_tracking":false,"_exactmetrics_sitenote_active":false,"_exactmetrics_sitenote_note":"","_exactmetrics_sitenote_category":0,"footnotes":""},"class_list":["post-2069","page","type-page","status-publish","has-post-thumbnail","hentry"],"_links":{"self":[{"href":"http:\/\/www.escolareiarthur.com.br\/site\/wp-json\/wp\/v2\/pages\/2069","targetHints":{"allow":["GET"]}}],"collection":[{"href":"http:\/\/www.escolareiarthur.com.br\/site\/wp-json\/wp\/v2\/pages"}],"about":[{"href":"http:\/\/www.escolareiarthur.com.br\/site\/wp-json\/wp\/v2\/types\/page"}],"author":[{"embeddable":true,"href":"http:\/\/www.escolareiarthur.com.br\/site\/wp-json\/wp\/v2\/users\/8"}],"replies":[{"embeddable":true,"href":"http:\/\/www.escolareiarthur.com.br\/site\/wp-json\/wp\/v2\/comments?post=2069"}],"version-history":[{"count":0,"href":"http:\/\/www.escolareiarthur.com.br\/site\/wp-json\/wp\/v2\/pages\/2069\/revisions"}],"wp:featuredmedia":[{"embeddable":true,"href":"http:\/\/www.escolareiarthur.com.br\/site\/wp-json\/wp\/v2\/media\/2696"}],"wp:attachment":[{"href":"http:\/\/www.escolareiarthur.com.br\/site\/wp-json\/wp\/v2\/media?parent=2069"}],"curies":[{"name":"wp","href":"https:\/\/api.w.org\/{rel}","templated":true}]}}