{"id":3088,"date":"2014-03-22T10:16:37","date_gmt":"2014-03-22T13:16:37","guid":{"rendered":"http:\/\/www.escolareiarthur.com.br\/site\/?page_id=3088"},"modified":"2025-02-25T10:41:12","modified_gmt":"2025-02-25T13:41:12","slug":"nossa-equipe","status":"publish","type":"page","link":"http:\/\/www.escolareiarthur.com.br\/site\/nossa-equipe\/","title":{"rendered":"Equipe"},"content":{"rendered":"<div id=\"fb-root\"><\/div>\n\n<div class=\"wp-block-columns is-layout-flex wp-container-core-columns-is-layout-9d6595d7 wp-block-columns-is-layout-flex\">\n<div class=\"wp-block-column is-layout-flow wp-block-column-is-layout-flow\" style=\"flex-basis:66.66%\">\n\n<p>Possu\u00edmos uma equipe habilitada para atuar na \u00e1rea da educa\u00e7\u00e3o, em nosso quadro funcional contamos com:<\/p>\n<p><strong><strong> ROSE NOSCHANG<\/strong><\/strong><\/p>\n<p><strong>\u00a0 \u00a0 DIRETORA<\/strong><\/p>\n<p><strong>Fernanda Rouvel<\/strong><br \/>Gerente\u00a0<\/p>\n<p><strong>Carmem L\u00e9ia Gaspar <\/strong><br \/><strong>Coordenadora Pedag\u00f3gica<\/strong><\/p>\n<p>Gradua\u00e7\u00e3o em Pedagogia c\/ especializa\u00e7\u00e3o em Psicopedagogia e TEA<\/p>\n<p>Bacharelado em Psicologia.\u00a0<\/p>\n<p>MARIA LETICIA JARDIM<\/p>\n<p><strong style=\"font-size: revert; text-align: right; color: initial;\">Nutricionista CRN2 18611D<\/strong><\/p>\n<p>\n\n<\/p>\n<h3 style=\"padding-left: 40px;\">Maria Ivone\u00a0<br \/>Cozinheira<\/h3>\n<h3 style=\"padding-left: 40px;\"><strong>Eufr\u00e1sia Rodrigues<\/strong><\/h3>\n<h3 style=\"padding-left: 40px;\">Servi\u00e7os Gerais<\/h3>\n<h3 style=\"padding-left: 40px;\"><strong>KARINE MON\u00c7ALVES<\/strong><br \/>Professora<\/h3>\n<h3 style=\"padding-left: 40px;\"><strong>Maria Liziane Rodrigues<\/strong><br \/>Professora<\/h3>\n<h3 style=\"padding-left: 40px;\"><strong>RHAYANE <\/strong><br \/>Professora<\/h3>\n<h3 style=\"padding-left: 40px;\"><strong>M\u00e1rcia <\/strong><br \/>Professora<\/h3>\n<h3 style=\"padding-left: 40px;\">\u00a0\u00a0<\/h3>\n<p style=\"text-align: center;\"><strong>\u00a0<\/strong><\/p>\n<p><strong>\u00a0<\/strong><\/p>\n<h3 style=\"padding-left: 40px;\">\u00a0<\/h3>\n<\/div>\n\n\n\n<div class=\"wp-block-column is-layout-flow wp-block-column-is-layout-flow\" style=\"flex-basis:33.33%\">\n<h1>Miss\u00e3o<\/h1>\n<ul>\n<li>Valorizar o ser atrav\u00e9s de valores, a\u00e7\u00f5es e muito l\u00fadico, respeitando seres humanos, animais e meio ambiente. Ensinando para o hoje e amanh\u00e3!<br \/><hr \/><\/li>\n<\/ul>\n<h1>Vis\u00e3o<\/h1>\n<ul>\n<li>Proporcionar o desenvolvimento total da crian\u00e7a em um ambiente acolhedor e estimulante.<br \/><hr \/><\/li>\n<\/ul>\n<h1>Valores<\/h1>\n<ul>\n<li>Respeito<\/li>\n<li>Desenvolvimento<\/li>\n<li>Coopera\u00e7\u00e3o<\/li>\n<li>Conscientiza\u00e7\u00e3o<br \/><hr \/><\/li>\n<\/ul>\n<h1>Objetivos<\/h1>\n<ul>\n<li>Desenvolver o ser<\/li>\n<li>Respeitar o meio ambiente<\/li>\n<li>Aprender brincando<br \/><hr \/><\/li>\n<\/ul>\n<h1>Diferenciais<\/h1>\n<ul>\n<li><strong>Credenciada pelo Conselho Municipal de Educa\u00e7\u00e3o<\/strong><\/li>\n<li><strong>Ambiente climatizado<\/strong><\/li>\n<li><strong>Portaria de seguran\u00e7a 12 horas<\/strong><\/li>\n<li>P\u00e1tio amplo e arborizado<\/li>\n<li>P\u00e1tio de areia<\/li>\n<li>P\u00e1tio de grama sint\u00e9tica<\/li>\n<li><strong>Circuito interno e on-line de c\u00e2meras<\/strong><\/li>\n<li>Playgrounds e brinquedos por faixa-et\u00e1ria<\/li>\n<li>P\u00e1tio diferenciado para Ber\u00e7\u00e1rio<\/li>\n<li>Hor\u00e1rio diferenciado: 7h \u00e0s 19h00min<\/li>\n<li>Brinquedoteca<\/li>\n<li>Biblioteca<\/li>\n<li>Salas tem\u00e1ticas<\/li>\n<li>Horta<\/li>\n<\/ul>\n<\/div>\n\n\n<\/div>\n<p><!-- \/wp:post-content --><\/p>\n<p><!-- wp:paragraph --><\/p>\n<p><!-- \/wp:paragraph --><\/p>","protected":false},"excerpt":{"rendered":"<p>Possu\u00edmos uma equipe habilitada para atuar na \u00e1rea da educa\u00e7\u00e3o, em nosso quadro funcional contamos com: ROSE NOSCHANG \u00a0 \u00a0 DIRETORA Fernanda RouvelGerente\u00a0 Carmem L\u00e9ia Gaspar Coordenadora Pedag\u00f3gica Gradua\u00e7\u00e3o em Pedagogia c\/ especializa\u00e7\u00e3o em Psicopedagogia e TEA Bacharelado em Psicologia.\u00a0 MARIA LETICIA JARDIM Nutricionista CRN2 18611D Miss\u00e3o Valorizar o ser atrav\u00e9s de valores, a\u00e7\u00f5es e muito l\u00fadico, respeitando seres humanos,&nbsp;<a href=\"http:\/\/www.escolareiarthur.com.br\/site\/nossa-equipe\/\" class=\"read-more\">Continue Reading<\/a><\/p>\n","protected":false},"author":8,"featured_media":0,"parent":0,"menu_order":0,"comment_status":"open","ping_status":"open","template":"page-fullwidth.php","meta":{"_exactmetrics_skip_tracking":false,"_exactmetrics_sitenote_active":false,"_exactmetrics_sitenote_note":"","_exactmetrics_sitenote_category":0,"footnotes":""},"class_list":["post-3088","page","type-page","status-publish","hentry"],"_links":{"self":[{"href":"http:\/\/www.escolareiarthur.com.br\/site\/wp-json\/wp\/v2\/pages\/3088","targetHints":{"allow":["GET"]}}],"collection":[{"href":"http:\/\/www.escolareiarthur.com.br\/site\/wp-json\/wp\/v2\/pages"}],"about":[{"href":"http:\/\/www.escolareiarthur.com.br\/site\/wp-json\/wp\/v2\/types\/page"}],"author":[{"embeddable":true,"href":"http:\/\/www.escolareiarthur.com.br\/site\/wp-json\/wp\/v2\/users\/8"}],"replies":[{"embeddable":true,"href":"http:\/\/www.escolareiarthur.com.br\/site\/wp-json\/wp\/v2\/comments?post=3088"}],"version-history":[{"count":0,"href":"http:\/\/www.escolareiarthur.com.br\/site\/wp-json\/wp\/v2\/pages\/3088\/revisions"}],"wp:attachment":[{"href":"http:\/\/www.escolareiarthur.com.br\/site\/wp-json\/wp\/v2\/media?parent=3088"}],"curies":[{"name":"wp","href":"https:\/\/api.w.org\/{rel}","templated":true}]}}