{"id":3102,"date":"2014-03-22T10:46:18","date_gmt":"2014-03-22T13:46:18","guid":{"rendered":"http:\/\/www.escolareiarthur.com.br\/site\/?page_id=3102"},"modified":"2021-07-06T17:42:40","modified_gmt":"2021-07-06T20:42:40","slug":"estrutura","status":"publish","type":"page","link":"http:\/\/www.escolareiarthur.com.br\/site\/estrutura\/","title":{"rendered":"Estrutura"},"content":{"rendered":"<div id=\"fb-root\"><\/div>\n\n<div class=\"wp-block-columns is-layout-flex wp-container-core-columns-is-layout-9d6595d7 wp-block-columns-is-layout-flex\">\n<div class=\"wp-block-column is-layout-flow wp-block-column-is-layout-flow\" style=\"flex-basis:66.66%\">\n<div class=\"wp-block-columns is-layout-flex wp-container-core-columns-is-layout-9d6595d7 wp-block-columns-is-layout-flex\">\n<div class=\"wp-block-column is-layout-flow wp-block-column-is-layout-flow\">\n<div class=\"wp-block-image\"><figure class=\"aligncenter size-large\"><img loading=\"lazy\" decoding=\"async\" width=\"1024\" height=\"576\" src=\"http:\/\/www.escolareiarthur.com.br\/site\/wp-content\/uploads\/2021\/07\/ReizinhoFachada-1024x576.jpg\" alt=\"\" class=\"wp-image-17043\" srcset=\"http:\/\/www.escolareiarthur.com.br\/site\/wp-content\/uploads\/2021\/07\/ReizinhoFachada-1024x576.jpg 1024w, http:\/\/www.escolareiarthur.com.br\/site\/wp-content\/uploads\/2021\/07\/ReizinhoFachada-300x169.jpg 300w, http:\/\/www.escolareiarthur.com.br\/site\/wp-content\/uploads\/2021\/07\/ReizinhoFachada-768x432.jpg 768w, http:\/\/www.escolareiarthur.com.br\/site\/wp-content\/uploads\/2021\/07\/ReizinhoFachada.jpg 1280w\" sizes=\"auto, (max-width: 1024px) 100vw, 1024px\" \/><figcaption>Fachada<\/figcaption><\/figure><\/div>\n\n\n\n<div class=\"wp-block-image\"><figure class=\"aligncenter size-large\"><img loading=\"lazy\" decoding=\"async\" width=\"1024\" height=\"576\" src=\"http:\/\/www.escolareiarthur.com.br\/site\/wp-content\/uploads\/2021\/07\/ReizinhoInterno-1024x576.jpg\" alt=\"\" class=\"wp-image-17044\" srcset=\"http:\/\/www.escolareiarthur.com.br\/site\/wp-content\/uploads\/2021\/07\/ReizinhoInterno-1024x576.jpg 1024w, http:\/\/www.escolareiarthur.com.br\/site\/wp-content\/uploads\/2021\/07\/ReizinhoInterno-300x169.jpg 300w, http:\/\/www.escolareiarthur.com.br\/site\/wp-content\/uploads\/2021\/07\/ReizinhoInterno-768x432.jpg 768w, http:\/\/www.escolareiarthur.com.br\/site\/wp-content\/uploads\/2021\/07\/ReizinhoInterno.jpg 1280w\" sizes=\"auto, (max-width: 1024px) 100vw, 1024px\" \/><figcaption>P\u00e1tio Interno<\/figcaption><\/figure><\/div>\n\n\n\n<div class=\"wp-block-image\"><figure class=\"aligncenter size-large\"><img loading=\"lazy\" decoding=\"async\" width=\"1024\" height=\"576\" src=\"http:\/\/www.escolareiarthur.com.br\/site\/wp-content\/uploads\/2021\/07\/Reizinho03-1024x576.jpg\" alt=\"\" class=\"wp-image-17047\" srcset=\"http:\/\/www.escolareiarthur.com.br\/site\/wp-content\/uploads\/2021\/07\/Reizinho03-1024x576.jpg 1024w, http:\/\/www.escolareiarthur.com.br\/site\/wp-content\/uploads\/2021\/07\/Reizinho03-300x169.jpg 300w, http:\/\/www.escolareiarthur.com.br\/site\/wp-content\/uploads\/2021\/07\/Reizinho03-768x432.jpg 768w, http:\/\/www.escolareiarthur.com.br\/site\/wp-content\/uploads\/2021\/07\/Reizinho03.jpg 1280w\" sizes=\"auto, (max-width: 1024px) 100vw, 1024px\" \/><figcaption>P\u00e1tio Interno<\/figcaption><\/figure><\/div>\n\n\n\n<p><\/p>\n<\/div>\n\n\n\n<div class=\"wp-block-column is-layout-flow wp-block-column-is-layout-flow\">\n<div class=\"wp-block-image\"><figure class=\"aligncenter size-large\"><img loading=\"lazy\" decoding=\"async\" width=\"1024\" height=\"576\" src=\"http:\/\/www.escolareiarthur.com.br\/site\/wp-content\/uploads\/2021\/07\/ReizinhoInterno02-1024x576.jpg\" alt=\"\" class=\"wp-image-17045\" srcset=\"http:\/\/www.escolareiarthur.com.br\/site\/wp-content\/uploads\/2021\/07\/ReizinhoInterno02-1024x576.jpg 1024w, http:\/\/www.escolareiarthur.com.br\/site\/wp-content\/uploads\/2021\/07\/ReizinhoInterno02-300x169.jpg 300w, http:\/\/www.escolareiarthur.com.br\/site\/wp-content\/uploads\/2021\/07\/ReizinhoInterno02-768x432.jpg 768w, http:\/\/www.escolareiarthur.com.br\/site\/wp-content\/uploads\/2021\/07\/ReizinhoInterno02.jpg 1280w\" sizes=\"auto, (max-width: 1024px) 100vw, 1024px\" \/><figcaption>P\u00e1tio Interno<\/figcaption><\/figure><\/div>\n\n\n\n<div class=\"wp-block-image\"><figure class=\"aligncenter size-large\"><img loading=\"lazy\" decoding=\"async\" width=\"1024\" height=\"576\" src=\"http:\/\/www.escolareiarthur.com.br\/site\/wp-content\/uploads\/2021\/07\/ReizinhoInternoCoberto-1024x576.jpg\" alt=\"\" class=\"wp-image-17046\" srcset=\"http:\/\/www.escolareiarthur.com.br\/site\/wp-content\/uploads\/2021\/07\/ReizinhoInternoCoberto-1024x576.jpg 1024w, http:\/\/www.escolareiarthur.com.br\/site\/wp-content\/uploads\/2021\/07\/ReizinhoInternoCoberto-300x169.jpg 300w, http:\/\/www.escolareiarthur.com.br\/site\/wp-content\/uploads\/2021\/07\/ReizinhoInternoCoberto-768x432.jpg 768w, http:\/\/www.escolareiarthur.com.br\/site\/wp-content\/uploads\/2021\/07\/ReizinhoInternoCoberto.jpg 1280w\" sizes=\"auto, (max-width: 1024px) 100vw, 1024px\" \/><figcaption>P\u00e1tio Interno Coberto<\/figcaption><\/figure><\/div>\n<\/div>\n<\/div>\n\n\n\n<p><\/p>\n<\/div>\n\n\n\n<div class=\"wp-block-column is-layout-flow wp-block-column-is-layout-flow\" style=\"flex-basis:33.33%\">\n<h1>Miss\u00e3o<\/h1>\n<ul>\n<li>Valorizar o ser atrav\u00e9s de valores, a\u00e7\u00f5es e muito l\u00fadico, respeitando seres humanos, animais e meio ambiente. Ensinando para o hoje e amanh\u00e3!<br>\n<hr><\/li>\n<\/ul>\n<h1>Vis\u00e3o<\/h1>\n<ul>\n<li>Proporcionar o desenvolvimento total da crian\u00e7a em um ambiente acolhedor e estimulante.<br>\n<hr><\/li>\n<\/ul>\n<h1>Valores<\/h1>\n<ul>\n<li>Respeito<\/li>\n<li>Desenvolvimento<\/li>\n<li>Coopera\u00e7\u00e3o<\/li>\n<li>Conscientiza\u00e7\u00e3o<br>\n<hr><\/li>\n<\/ul>\n<h1>Objetivos<\/h1>\n<ul>\n<li>Desenvolver o ser<\/li>\n<li>Respeitar o meio ambiente<\/li>\n<li>Aprender brincando<br>\n<hr><\/li>\n<\/ul>\n<h1>Diferenciais<\/h1>\n<ul>\n<li><strong>Credenciada pelo Conselho Municipal de Educa\u00e7\u00e3o<\/strong><\/li>\n<li><strong>Ambiente climatizado<\/strong><\/li>\n<li><strong>Portaria de seguran\u00e7a 12 horas<\/strong><\/li>\n<li>P\u00e1tio amplo e arborizado<\/li>\n<li>P\u00e1tio de areia<\/li>\n<li>P\u00e1tio de grama sint\u00e9tica<\/li>\n<li><strong>Circuito interno e on-line de c\u00e2meras<\/strong><\/li>\n<li>Playgrounds e brinquedos por faixa-et\u00e1ria<\/li>\n<li>P\u00e1tio diferenciado para Ber\u00e7\u00e1rio<\/li>\n<li>Hor\u00e1rio diferenciado: 7h \u00e0s 19h00min<\/li>\n<li>Brinquedoteca<\/li>\n<li>Biblioteca<\/li>\n<li>Salas tem\u00e1ticas<\/li>\n<li>Horta<\/li>\n<\/ul>\n<\/div>\n<\/div>\n\n\n\n<p><\/p>\n\n\n\n<p><\/p>\n","protected":false},"excerpt":{"rendered":"<p>Miss\u00e3o Valorizar o ser atrav\u00e9s de valores, a\u00e7\u00f5es e muito l\u00fadico, respeitando seres humanos, animais e meio ambiente. Ensinando para o hoje e amanh\u00e3! Vis\u00e3o Proporcionar o desenvolvimento total da crian\u00e7a em um ambiente acolhedor e estimulante. Valores Respeito Desenvolvimento Coopera\u00e7\u00e3o Conscientiza\u00e7\u00e3o Objetivos Desenvolver o ser Respeitar o meio ambiente Aprender brincando Diferenciais Credenciada pelo Conselho Municipal de Educa\u00e7\u00e3o Ambiente&nbsp;<a href=\"http:\/\/www.escolareiarthur.com.br\/site\/estrutura\/\" class=\"read-more\">Continue Reading<\/a><\/p>\n","protected":false},"author":8,"featured_media":0,"parent":0,"menu_order":0,"comment_status":"open","ping_status":"closed","template":"page-fullwidth.php","meta":{"_exactmetrics_skip_tracking":false,"_exactmetrics_sitenote_active":false,"_exactmetrics_sitenote_note":"","_exactmetrics_sitenote_category":0,"footnotes":""},"class_list":["post-3102","page","type-page","status-publish","hentry"],"_links":{"self":[{"href":"http:\/\/www.escolareiarthur.com.br\/site\/wp-json\/wp\/v2\/pages\/3102","targetHints":{"allow":["GET"]}}],"collection":[{"href":"http:\/\/www.escolareiarthur.com.br\/site\/wp-json\/wp\/v2\/pages"}],"about":[{"href":"http:\/\/www.escolareiarthur.com.br\/site\/wp-json\/wp\/v2\/types\/page"}],"author":[{"embeddable":true,"href":"http:\/\/www.escolareiarthur.com.br\/site\/wp-json\/wp\/v2\/users\/8"}],"replies":[{"embeddable":true,"href":"http:\/\/www.escolareiarthur.com.br\/site\/wp-json\/wp\/v2\/comments?post=3102"}],"version-history":[{"count":0,"href":"http:\/\/www.escolareiarthur.com.br\/site\/wp-json\/wp\/v2\/pages\/3102\/revisions"}],"wp:attachment":[{"href":"http:\/\/www.escolareiarthur.com.br\/site\/wp-json\/wp\/v2\/media?parent=3102"}],"curies":[{"name":"wp","href":"https:\/\/api.w.org\/{rel}","templated":true}]}}