{"id":3729,"date":"2014-04-16T14:22:26","date_gmt":"2014-04-16T17:22:26","guid":{"rendered":"http:\/\/www.escolareiarthur.com.br\/site\/?page_id=3729"},"modified":"2024-03-25T09:21:05","modified_gmt":"2024-03-25T12:21:05","slug":"blog","status":"publish","type":"page","link":"http:\/\/www.escolareiarthur.com.br\/site\/blog\/","title":{"rendered":"Blog"},"content":{"rendered":"<div id=\"fb-root\"><\/div>\n<p><a href=\"http:\/\/www.escolareiarthur.com.br\/site\/wp-content\/uploads\/2014\/04\/10169387_272989389545842_5496696614324232979_n.jpg\"><img loading=\"lazy\" decoding=\"async\" class=\"alignnone  wp-image-3845\" src=\"http:\/\/www.escolareiarthur.com.br\/site\/wp-content\/uploads\/2014\/04\/10169387_272989389545842_5496696614324232979_n.jpg\" alt=\"10169387_272989389545842_5496696614324232979_n\" width=\"614\" height=\"412\" srcset=\"http:\/\/www.escolareiarthur.com.br\/site\/wp-content\/uploads\/2014\/04\/10169387_272989389545842_5496696614324232979_n.jpg 960w, http:\/\/www.escolareiarthur.com.br\/site\/wp-content\/uploads\/2014\/04\/10169387_272989389545842_5496696614324232979_n-300x201.jpg 300w\" sizes=\"auto, (max-width: 614px) 100vw, 614px\" \/><\/a><div class=\"posts-list \"><div class=\"row-fluid\"><article class=\"span12 post__holder\"><header class=\"post-header\"><h2 class=\"post-title\"><a href=\"http:\/\/www.escolareiarthur.com.br\/site\/materias-de-utilidade\/pascoa-2024\/\" title=\"P\u00c1SCOA 2024\">P\u00c1SCOA 2024<\/a><\/h2><div class=\"post_meta\"><span class=\"post_category\">Postado em <a href=\"http:\/\/www.escolareiarthur.com.br\/site\/category\/materias-de-utilidade\/\" title=\"Mat\u00e9rias de Utilidade\">Mat\u00e9rias de Utilidade<\/a> <\/span><span class=\"post_date\"><time datetime=\"2024-03-28T09:47:58\">28 mar<\/time><\/span><span class=\"post_author\">por <a href=\"http:\/\/www.escolareiarthur.com.br\/site\/author\/escola-rei-arthur\/\">Escola Rei Arthur<\/a><\/span><span class=\"post_comment\"><a href=\"http:\/\/www.escolareiarthur.com.br\/site\/materias-de-utilidade\/pascoa-2024\/\" class=\"comments_link\">0 comments<\/a><\/span><\/div><\/header><figure class=\"featured-thumbnail thumbnail \"><a href=\"http:\/\/www.escolareiarthur.com.br\/site\/materias-de-utilidade\/pascoa-2024\/\" title=\"P\u00c1SCOA 2024\"><img decoding=\"async\"  src=\"http:\/\/www.escolareiarthur.com.br\/site\/wp-content\/uploads\/2024\/03\/IMG_20240327_163526-150x150.jpg\" alt=\"P\u00c1SCOA 2024\" \/><\/a><\/figure><div class=\"post_content\"><p class=\"excerpt\">CA\u00c7A AOS OVOS &#8230;.... <\/p><a href=\"http:\/\/www.escolareiarthur.com.br\/site\/materias-de-utilidade\/pascoa-2024\/\" class=\"btn btn-primary\" title=\"P\u00c1SCOA 2024\">Leia mais<\/a><\/div><\/article><\/div><!-- .row-fluid (end) --><div class=\"row-fluid\"><article class=\"span12 post__holder\"><header class=\"post-header\"><h2 class=\"post-title\"><a href=\"http:\/\/www.escolareiarthur.com.br\/site\/materias-de-utilidade\/dia-da-mulher\/\" title=\"Dia da mulher!\">Dia da mulher!<\/a><\/h2><div class=\"post_meta\"><span class=\"post_category\">Postado em <a href=\"http:\/\/www.escolareiarthur.com.br\/site\/category\/materias-de-utilidade\/\" title=\"Mat\u00e9rias de Utilidade\">Mat\u00e9rias de Utilidade<\/a> <\/span><span class=\"post_date\"><time datetime=\"2023-03-24T16:32:04\">24 mar<\/time><\/span><span class=\"post_author\">por <a href=\"http:\/\/www.escolareiarthur.com.br\/site\/author\/escola-rei-arthur\/\">Escola Rei Arthur<\/a><\/span><span class=\"post_comment\"><a href=\"http:\/\/www.escolareiarthur.com.br\/site\/materias-de-utilidade\/dia-da-mulher\/\" class=\"comments_link\">0 comments<\/a><\/span><\/div><\/header><figure class=\"featured-thumbnail thumbnail \"><a href=\"http:\/\/www.escolareiarthur.com.br\/site\/materias-de-utilidade\/dia-da-mulher\/\" title=\"Dia da mulher!\"><img decoding=\"async\"  src=\"http:\/\/www.escolareiarthur.com.br\/site\/wp-content\/uploads\/2023\/03\/IMG-20230309-WA0093-150x150.jpg\" alt=\"Dia da mulher!\" \/><\/a><\/figure><div class=\"post_content\"><p class=\"excerpt\">Os alunos do maternal II, confeccionaram para as mam\u00e3es, uma flor em homenagem a essas mulheres que s\u00e3o mais que especiais!... <\/p><a href=\"http:\/\/www.escolareiarthur.com.br\/site\/materias-de-utilidade\/dia-da-mulher\/\" class=\"btn btn-primary\" title=\"Dia da mulher!\">Leia mais<\/a><\/div><\/article><\/div><!-- .row-fluid (end) --><div class=\"row-fluid\"><article class=\"span12 post__holder\"><header class=\"post-header\"><h2 class=\"post-title\"><a href=\"http:\/\/www.escolareiarthur.com.br\/site\/materias-de-utilidade\/projeto-verao-lanche-refrescante-e-saudavel\/\" title=\"Projeto ver\u00e3o: Lanche refrescante e saud\u00e1vel\">Projeto ver\u00e3o: Lanche refrescante e saud\u00e1vel<\/a><\/h2><div class=\"post_meta\"><span class=\"post_category\">Postado em <a href=\"http:\/\/www.escolareiarthur.com.br\/site\/category\/materias-de-utilidade\/\" title=\"Mat\u00e9rias de Utilidade\">Mat\u00e9rias de Utilidade<\/a> <\/span><span class=\"post_date\"><time datetime=\"2023-03-24T16:18:37\">24 mar<\/time><\/span><span class=\"post_author\">por <a href=\"http:\/\/www.escolareiarthur.com.br\/site\/author\/escola-rei-arthur\/\">Escola Rei Arthur<\/a><\/span><span class=\"post_comment\"><a href=\"http:\/\/www.escolareiarthur.com.br\/site\/materias-de-utilidade\/projeto-verao-lanche-refrescante-e-saudavel\/\" class=\"comments_link\">0 comments<\/a><\/span><\/div><\/header><figure class=\"featured-thumbnail thumbnail \"><a href=\"http:\/\/www.escolareiarthur.com.br\/site\/materias-de-utilidade\/projeto-verao-lanche-refrescante-e-saudavel\/\" title=\"Projeto ver\u00e3o: Lanche refrescante e saud\u00e1vel\"><img decoding=\"async\"  src=\"http:\/\/www.escolareiarthur.com.br\/site\/wp-content\/uploads\/2023\/03\/IMG-20230201-WA0066-150x150.jpg\" alt=\"Projeto ver\u00e3o: Lanche refrescante e saud\u00e1vel\" \/><\/a><\/figure><div class=\"post_content\"><p class=\"excerpt\">As crian\u00e7as junto com a nossa nutri, realizaram a oficina de culin\u00e1ria, e prepararam um delicioso sacol\u00e9 de morango e banana!Ficou umaaaaa del\u00edcia!E eles amaram a experi\u00eancia!!!!... <\/p><a href=\"http:\/\/www.escolareiarthur.com.br\/site\/materias-de-utilidade\/projeto-verao-lanche-refrescante-e-saudavel\/\" class=\"btn btn-primary\" title=\"Projeto ver\u00e3o: Lanche refrescante e saud\u00e1vel\">Leia mais<\/a><\/div><\/article><\/div><!-- .row-fluid (end) --><div class=\"row-fluid\"><article class=\"span12 post__holder\"><header class=\"post-header\"><h2 class=\"post-title\"><a href=\"http:\/\/www.escolareiarthur.com.br\/site\/materias-de-utilidade\/nossas-fofuras-do-bercario\/\" title=\"Nossas fofuras do ber\u00e7ario!\">Nossas fofuras do ber\u00e7ario!<\/a><\/h2><div class=\"post_meta\"><span class=\"post_category\">Postado em <a href=\"http:\/\/www.escolareiarthur.com.br\/site\/category\/materias-de-utilidade\/\" title=\"Mat\u00e9rias de Utilidade\">Mat\u00e9rias de Utilidade<\/a> <\/span><span class=\"post_date\"><time datetime=\"2023-03-24T16:07:42\">24 mar<\/time><\/span><span class=\"post_author\">por <a href=\"http:\/\/www.escolareiarthur.com.br\/site\/author\/escola-rei-arthur\/\">Escola Rei Arthur<\/a><\/span><span class=\"post_comment\"><a href=\"http:\/\/www.escolareiarthur.com.br\/site\/materias-de-utilidade\/nossas-fofuras-do-bercario\/\" class=\"comments_link\">0 comments<\/a><\/span><\/div><\/header><figure class=\"featured-thumbnail thumbnail \"><a href=\"http:\/\/www.escolareiarthur.com.br\/site\/materias-de-utilidade\/nossas-fofuras-do-bercario\/\" title=\"Nossas fofuras do ber\u00e7ario!\"><img decoding=\"async\"  src=\"http:\/\/www.escolareiarthur.com.br\/site\/wp-content\/uploads\/2023\/03\/IMG-20230208-WA0022-150x150.jpg\" alt=\"Nossas fofuras do ber\u00e7ario!\" \/><\/a><\/figure><div class=\"post_content\"><p class=\"excerpt\">... <\/p><a href=\"http:\/\/www.escolareiarthur.com.br\/site\/materias-de-utilidade\/nossas-fofuras-do-bercario\/\" class=\"btn btn-primary\" title=\"Nossas fofuras do ber\u00e7ario!\">Leia mais<\/a><\/div><\/article><\/div><!-- .row-fluid (end) --><div class=\"row-fluid\"><article class=\"span12 post__holder\"><header class=\"post-header\"><h2 class=\"post-title\"><a href=\"http:\/\/www.escolareiarthur.com.br\/site\/materias-de-utilidade\/teatro\/\" title=\"Teatro!\">Teatro!<\/a><\/h2><div class=\"post_meta\"><span class=\"post_category\">Postado em <a href=\"http:\/\/www.escolareiarthur.com.br\/site\/category\/materias-de-utilidade\/\" title=\"Mat\u00e9rias de Utilidade\">Mat\u00e9rias de Utilidade<\/a> <\/span><span class=\"post_date\"><time datetime=\"2023-03-24T16:02:29\">24 mar<\/time><\/span><span class=\"post_author\">por <a href=\"http:\/\/www.escolareiarthur.com.br\/site\/author\/escola-rei-arthur\/\">Escola Rei Arthur<\/a><\/span><span class=\"post_comment\"><a href=\"http:\/\/www.escolareiarthur.com.br\/site\/materias-de-utilidade\/teatro\/\" class=\"comments_link\">0 comments<\/a><\/span><\/div><\/header><figure class=\"featured-thumbnail thumbnail \"><a href=\"http:\/\/www.escolareiarthur.com.br\/site\/materias-de-utilidade\/teatro\/\" title=\"Teatro!\"><img decoding=\"async\"  src=\"http:\/\/www.escolareiarthur.com.br\/site\/wp-content\/uploads\/2023\/03\/IMG-20230201-WA0005-150x150.jpg\" alt=\"Teatro!\" \/><\/a><\/figure><div class=\"post_content\"><p class=\"excerpt\">... <\/p><a href=\"http:\/\/www.escolareiarthur.com.br\/site\/materias-de-utilidade\/teatro\/\" class=\"btn btn-primary\" title=\"Teatro!\">Leia mais<\/a><\/div><\/article><\/div><!-- .row-fluid (end) --><\/div><!-- .posts-list (end) -->\n\n\n<ul class=\"wp-block-list\"><li><strong>CRONOGRAMA DE P\u00c1SCOA<\/strong><\/li><\/ul>\n\n\n\n<p>25\/03 \u2013 M\u00fasicas de P\u00e1scoa<\/p>\n\n\n\n<p>&nbsp;&nbsp;&nbsp;&nbsp;&nbsp;&nbsp;&nbsp;&nbsp;&nbsp; &#8211; Decora\u00e7\u00e3o com a profe<\/p>\n\n\n\n<p>26\/03 \u2013 Constru\u00e7\u00e3o da toca do coelho (trazer coelhos de pel\u00facia de casa)<\/p>\n\n\n\n<p>27\/03 \u2013 Ca\u00e7a aos ovos<\/p>\n\n\n\n<p>28\/03 \u2013 Confraterniza\u00e7\u00e3o de p\u00e1scoa (trazer um lanche seguindo orienta\u00e7\u00e3o das profes via agenda)<\/p>\n","protected":false},"excerpt":{"rendered":"<p>CRONOGRAMA DE P\u00c1SCOA 25\/03 \u2013 M\u00fasicas de P\u00e1scoa &nbsp;&nbsp;&nbsp;&nbsp;&nbsp;&nbsp;&nbsp;&nbsp;&nbsp; &#8211; Decora\u00e7\u00e3o com a profe 26\/03 \u2013 Constru\u00e7\u00e3o da toca do coelho (trazer coelhos de pel\u00facia de casa) 27\/03 \u2013 Ca\u00e7a aos ovos 28\/03 \u2013 Confraterniza\u00e7\u00e3o de p\u00e1scoa (trazer um lanche seguindo orienta\u00e7\u00e3o das profes via agenda)<\/p>\n","protected":false},"author":8,"featured_media":0,"parent":0,"menu_order":0,"comment_status":"open","ping_status":"open","template":"","meta":{"_exactmetrics_skip_tracking":false,"_exactmetrics_sitenote_active":false,"_exactmetrics_sitenote_note":"","_exactmetrics_sitenote_category":0,"footnotes":""},"class_list":["post-3729","page","type-page","status-publish","hentry","cat-45-id"],"_links":{"self":[{"href":"http:\/\/www.escolareiarthur.com.br\/site\/wp-json\/wp\/v2\/pages\/3729","targetHints":{"allow":["GET"]}}],"collection":[{"href":"http:\/\/www.escolareiarthur.com.br\/site\/wp-json\/wp\/v2\/pages"}],"about":[{"href":"http:\/\/www.escolareiarthur.com.br\/site\/wp-json\/wp\/v2\/types\/page"}],"author":[{"embeddable":true,"href":"http:\/\/www.escolareiarthur.com.br\/site\/wp-json\/wp\/v2\/users\/8"}],"replies":[{"embeddable":true,"href":"http:\/\/www.escolareiarthur.com.br\/site\/wp-json\/wp\/v2\/comments?post=3729"}],"version-history":[{"count":0,"href":"http:\/\/www.escolareiarthur.com.br\/site\/wp-json\/wp\/v2\/pages\/3729\/revisions"}],"wp:attachment":[{"href":"http:\/\/www.escolareiarthur.com.br\/site\/wp-json\/wp\/v2\/media?parent=3729"}],"curies":[{"name":"wp","href":"https:\/\/api.w.org\/{rel}","templated":true}]}}