{"id":4058,"date":"2014-05-07T20:30:17","date_gmt":"2014-05-07T23:30:17","guid":{"rendered":"http:\/\/www.escolareiarthur.com.br\/site\/?page_id=4058"},"modified":"2017-04-28T12:02:33","modified_gmt":"2017-04-28T15:02:33","slug":"monitoramento","status":"publish","type":"page","link":"http:\/\/www.escolareiarthur.com.br\/site\/monitoramento\/","title":{"rendered":"ACOMPANHAMENTO ON-LINE"},"content":{"rendered":"<div id=\"fb-root\"><\/div>\n<h1><span style=\"color: #008000;\"><strong><em>Veja seus filhos em tempo real<\/em><\/strong><\/span><\/h1>\n<div class=\"row-fluid\">\n<p>Conseguir acompanhar o desenvolvimento dos filhos \u00e9 uma das grandes dificuldades dos pais nos dias de hoje.<\/p>\n<p>Buscando satisfazer a necessidade dos pais quando bate aquela saudade de seu filho, disponibilizamos o servi\u00e7o de monitoramento on-line, atrav\u00e9s de c\u00e2meras espalhadas por todos ambientes\u00a0<strong><a href=\"http:\/\/pt.wikipedia.org\/wiki\/Circuito_fechado_de_televis\u00e3o\" target=\"_blank\">(CFTV)<\/a><\/strong>, onde os pais podem acessar e acompanhar em tempo real o dia-a-dia de seu filho em sua sala.<\/p>\n<\/div> <!-- .row-fluid (end) -->\n<hr \/>\n<div class=\"row-fluid\">\n<div class=\"span4\"><p><img loading=\"lazy\" decoding=\"async\" class=\"alignleft size-full wp-image-12998\" src=\"http:\/\/www.escolareiarthur.com.br\/site\/wp-content\/uploads\/2014\/05\/i1.png\" alt=\"i1\" width=\"610\" height=\"250\" srcset=\"http:\/\/www.escolareiarthur.com.br\/site\/wp-content\/uploads\/2014\/05\/i1.png 610w, http:\/\/www.escolareiarthur.com.br\/site\/wp-content\/uploads\/2014\/05\/i1-300x123.png 300w\" sizes=\"auto, (max-width: 610px) 100vw, 610px\" \/><\/p><\/div>\n<div class=\"span7\"><p>Para visualizar o sistema on-line deve ser instalado o respectivo programa fornecido pela <a href=\"http:\/\/www.intelbras.com.br\/\" target=\"_blank\">Intelbr\u00e1s<\/a>.<\/p>\n<p>Caso algum link abaixo n\u00e3o esteja funcionando, entre em contato conosco para fazermos a corre\u00e7\u00e3o.\u00a0<span style=\"text-decoration: underline;\"><strong>Todos os programas abaixo est\u00e3o hospedados no site da Intelbr\u00e1s, <\/strong><\/span>dessa forma o funcionamento deles n\u00e3o \u00e9 de nossa responsabilidade.<\/p>\n<p><span style=\"color: #339966;\"><strong><em>Para informa\u00e7\u00f5es de acesso ( IP &#8211; LOGIN &#8211; SENHA ) entre em contato conosco: 3276.2532<\/em><\/strong><\/span><\/p><\/div>\n<\/div> <!-- .row-fluid (end) -->\n<div class=\"row-fluid\">\n<pre><strong>COMPUTADORES \/ NOTEBOOK<\/strong><\/pre>\n<div class=\"span4\"><p><center><img loading=\"lazy\" decoding=\"async\" class=\"wp-image-4074\" src=\"http:\/\/www.escolareiarthur.com.br\/site\/wp-content\/uploads\/2014\/05\/prd_681_img_1_cor_12-300x179.jpg\" alt=\"\" width=\"300\" height=\"179\" srcset=\"http:\/\/www.escolareiarthur.com.br\/site\/wp-content\/uploads\/2014\/05\/prd_681_img_1_cor_12-300x179.jpg 300w, http:\/\/www.escolareiarthur.com.br\/site\/wp-content\/uploads\/2014\/05\/prd_681_img_1_cor_12.jpg 610w\" sizes=\"auto, (max-width: 300px) 100vw, 300px\" \/><\/center><br \/><\/div>\n<div class=\"span7\"><h3><strong>Windows<\/strong><\/h3>\n<ul>\n<li>Manual\u00a0&#8211; PDF &#8211; <a href=\"http:\/\/www.intelbras.com.br\/sites\/default\/files\/manual_sim_plus_beta_portugues_01-17.pdf\" target=\"_blank\">Manual &#8211; Intelbras S.I.M Plus para Windows\u00ae<\/a> &#8211; 7.46MB<\/li>\n<li>Software &#8211; EXE\u00a0&#8211;\u00a0<a href=\"http:\/\/www.intelbras.com.br\/sites\/default\/files\/downloads\/simplus_setup_-_31_08_2016.exe\" target=\"_blank\"> Intelbras S.I.M para Microsoft Windows\u00ae<\/a>\u00a0&#8211;\u00a090.15MB<\/li>\n<li>Configura\u00e7\u00e3o passo a passo (<em>Visualiza\u00e7\u00e3o em youtube<\/em>):\n<ul>\n<li><a href=\"https:\/\/www.youtube.com\/watch?v=mlKMfe9hJgo\" target=\"_blank\">Como configurar a fun\u00e7\u00e3o PC-NVR do Software SIM Plus<\/a><\/li>\n<li><a href=\"https:\/\/www.youtube.com\/watch?v=BGM430UjH44\" target=\"_blank\">Como configurar planos de visualiza\u00e7\u00e3o no SIM Plus<\/a><\/li>\n<li><a href=\"https:\/\/www.youtube.com\/watch?v=vuYRSEgdKwk\" target=\"_blank\">Como cadastrar dispositivos no software SIM Plus<\/a><\/li>\n<\/ul>\n<\/li>\n<\/ul>\n<h4><em><strong>Mais informa\u00e7\u00f5es<\/strong><\/em><\/h4>\n<p>Acesse a p\u00e1gina da Intelbras:<br \/>\n<a href=\"http:\/\/www.intelbras.com.br\/empresarial\/intelbras-sim-plus-windows\" target=\"_blank\">http:\/\/www.intelbras.com.br\/empresarial\/intelbras-sim-plus-windows<\/a><\/p>\n<h3><strong>Mac<\/strong><\/h3>\n<ul>\n<li>Manual\u00a0&#8211; PDF &#8211;\u00a0<a href=\"http:\/\/www.intelbras.com.br\/sites\/default\/files\/downloads\/manual_sim_plus_mac_portugues_02-15_site.pdf\" target=\"_blank\">Manual &#8211; Intelbras S.I.M Plus (Mac OS X)<\/a>\u00a0&#8211; 6.18MB<\/li>\n<li>Software &#8211; EXE\u00a0&#8211;\u00a0<a href=\"http:\/\/www.intelbras.com.br\/sites\/default\/files\/downloads\/intelbras_simplus_pteng_mac_is_v1.11.1.t.20151123.tar.bz2\" target=\"_blank\">Intelbras S.I.M Plus para Mac OS x<\/a>\u00a0&#8211; 57.41MB<\/li>\n<\/ul>\n<h4><em><strong>Mais informa\u00e7\u00f5es<\/strong><\/em><\/h4>\n<p>Acesse a p\u00e1gina da Intelbras:<br \/>\n<a href=\"http:\/\/www.intelbras.com.br\/empresarial\/monitoramento\/softwares-aplicativos\/intelbras-sim-plus-mac-os-x\" target=\"_blank\">http:\/\/www.intelbras.com.br\/empresarial\/monitoramento\/softwares-aplicativos\/intelbras-sim-plus-mac-os-x<\/a><\/p><\/div>\n<\/div> <!-- .row-fluid (end) -->\n<div class=\"row-fluid\">\n<pre><strong>SMARTPHONES \/ TABLETS<\/strong><\/pre>\n<div class=\"span4\"><p><center><img loading=\"lazy\" decoding=\"async\" class=\"wp-image-4072\" src=\"http:\/\/www.escolareiarthur.com.br\/site\/wp-content\/uploads\/2014\/05\/prd_680_img_1_cor_4-300x179.jpg\" alt=\"\" width=\"300\" height=\"179\" srcset=\"http:\/\/www.escolareiarthur.com.br\/site\/wp-content\/uploads\/2014\/05\/prd_680_img_1_cor_4-300x179.jpg 300w, http:\/\/www.escolareiarthur.com.br\/site\/wp-content\/uploads\/2014\/05\/prd_680_img_1_cor_4.jpg 610w\" sizes=\"auto, (max-width: 300px) 100vw, 300px\" \/><\/center><\/div>\n<div class=\"span7\"><p>Baixe o aplicativo da Intelbr\u00e1s na Play Store:<a href=\"https:\/\/play.google.com\/store\/search?q=Intelbras%20iSIC%206&amp;c=apps&amp;hl=pt_BR\" target=\"_blank\"><strong> Intelbras iSIC6<\/strong><\/a><\/p>\n<ul>\n<li>Smartphone:\u00a0<a href=\"https:\/\/play.google.com\/store\/apps\/details?id=com.mm.android.direct.intelbrasPlus\" target=\"_blank\">Intelbras iSIC 6<\/a><\/li>\n<li>Tablet:\u00a0<a href=\"https:\/\/play.google.com\/store\/apps\/details?id=com.mm.android.direct.intelbrasPad\" target=\"_blank\">Intelbras iSIC 6 Tablet<\/a><\/li>\n<\/ul>\n<ul>\n<li>Manual\u00a0&#8211; PDF &#8211;\u00a0<a href=\"http:\/\/www.intelbras.com.br\/sites\/default\/files\/downloads\/manual_isic_6_1_5_portugues_02-15_site.pdf\" target=\"_blank\">Manual &#8211; Intelbras S.I.M Plus (Mac OS X)<\/a>\u00a0&#8211; 6.18MB<\/li>\n<\/ul>\n<p>INFORMATIVO Intelbr\u00e1s: <a href=\"http:\/\/www.intelbras.com.br\/sites\/default\/files\/downloads\/informativo_09_07_2016_-_isic_6_0.pdf\" target=\"_blank\"><em>&#8220;Seu dispositivo n\u00e3o \u00e9 compat\u00edvel com esta vers\u00e3o&#8221;<\/em><\/a><\/p>\n<h4><em><strong>Mais informa\u00e7\u00f5es<\/strong><\/em><\/h4>\n<p>Acesse a p\u00e1gina da Intelbras:<br \/>\n<a href=\"http:\/\/www.intelbras.com.br\/empresarial\/intelbras-isic-6\" target=\"_blank\">http:\/\/www.intelbras.com.br\/empresarial\/intelbras-isic-6<\/a><\/p><\/div>\n<\/div> <!-- .row-fluid (end) -->\n<div class=\"row-fluid\">\n<p>&nbsp;<\/p>\n<p><strong><em>Mais d\u00favidas?<\/em><\/strong><\/p>\n<p>Entre em contato conosco, teremos prazer em lhe atender!<\/p>\n<\/div> <!-- .row-fluid (end) -->\n","protected":false},"excerpt":{"rendered":"<p>Veja seus filhos em tempo real<\/p>\n","protected":false},"author":8,"featured_media":0,"parent":0,"menu_order":0,"comment_status":"open","ping_status":"open","template":"","meta":{"_exactmetrics_skip_tracking":false,"_exactmetrics_sitenote_active":false,"_exactmetrics_sitenote_note":"","_exactmetrics_sitenote_category":0,"footnotes":""},"class_list":["post-4058","page","type-page","status-publish","hentry"],"_links":{"self":[{"href":"http:\/\/www.escolareiarthur.com.br\/site\/wp-json\/wp\/v2\/pages\/4058","targetHints":{"allow":["GET"]}}],"collection":[{"href":"http:\/\/www.escolareiarthur.com.br\/site\/wp-json\/wp\/v2\/pages"}],"about":[{"href":"http:\/\/www.escolareiarthur.com.br\/site\/wp-json\/wp\/v2\/types\/page"}],"author":[{"embeddable":true,"href":"http:\/\/www.escolareiarthur.com.br\/site\/wp-json\/wp\/v2\/users\/8"}],"replies":[{"embeddable":true,"href":"http:\/\/www.escolareiarthur.com.br\/site\/wp-json\/wp\/v2\/comments?post=4058"}],"version-history":[{"count":0,"href":"http:\/\/www.escolareiarthur.com.br\/site\/wp-json\/wp\/v2\/pages\/4058\/revisions"}],"wp:attachment":[{"href":"http:\/\/www.escolareiarthur.com.br\/site\/wp-json\/wp\/v2\/media?parent=4058"}],"curies":[{"name":"wp","href":"https:\/\/api.w.org\/{rel}","templated":true}]}}